{"id":78,"date":"2020-06-23T10:49:43","date_gmt":"2020-06-23T10:49:43","guid":{"rendered":"https:\/\/hizmet.ch\/?page_id=78"},"modified":"2020-06-23T10:49:43","modified_gmt":"2020-06-23T10:49:43","slug":"beirat","status":"publish","type":"page","link":"https:\/\/hizmet.ch\/index.php\/beirat\/","title":{"rendered":"Beirat"},"content":{"rendered":"\n<p>Die Arbeit der Vereine und der Vorst\u00e4nde kann durch die Beir\u00e4te unterst\u00fctzt werden. Diese nehmen beratende und seelsorgerische Aufgaben wahr. Bei Bedarf k\u00f6nnen die Beir\u00e4te ferner Schlichtungsfunktionen \u00fcbernehmen und\/oder bei der Koordination der Vereinsarbeit der Mitgliedsorganisationen behilflich sein. Die Beir\u00e4te treiben auch die religi\u00f6se Sozialisierung der Hizmet-Engagierten voran. Sie \u00fcbernehmen eine Coaching-Funktion f\u00fcr die Einhaltung der Werte und des Islam-Verst\u00e4ndnisses des Hizmet. Dem Namen Hizmet (auf Deutsch: Dienst) entsprechend sollen alle Aktivit\u00e4ten im Dienst der Menschen sein.<br>Die Beiratsmitglieder k\u00f6nnen f\u00fcr ihre T\u00e4tigkeit eine angemessene Aufwandsentsch\u00e4digung erhalten.<\/p>\n","protected":false},"excerpt":{"rendered":"<p>Die Arbeit der Vereine und der Vorst\u00e4nde kann durch die Beir\u00e4te unterst\u00fctzt werden. Diese nehmen beratende und seelsorgerische Aufgaben wahr. Bei Bedarf k\u00f6nnen die Beir\u00e4te ferner Schlichtungsfunktionen \u00fcbernehmen und\/oder bei der Koordination der Vereinsarbeit der Mitgliedsorganisationen behilflich sein. Die Beir\u00e4te treiben auch die religi\u00f6se Sozialisierung der Hizmet-Engagierten voran. Sie \u00fcbernehmen [&hellip;]<\/p>\n","protected":false},"author":1,"featured_media":0,"parent":0,"menu_order":0,"comment_status":"closed","ping_status":"closed","template":"","meta":{"footnotes":""},"class_list":["post-78","page","type-page","status-publish","hentry"],"aioseo_notices":[],"_links":{"self":[{"href":"https:\/\/hizmet.ch\/index.php\/wp-json\/wp\/v2\/pages\/78","targetHints":{"allow":["GET"]}}],"collection":[{"href":"https:\/\/hizmet.ch\/index.php\/wp-json\/wp\/v2\/pages"}],"about":[{"href":"https:\/\/hizmet.ch\/index.php\/wp-json\/wp\/v2\/types\/page"}],"author":[{"embeddable":true,"href":"https:\/\/hizmet.ch\/index.php\/wp-json\/wp\/v2\/users\/1"}],"replies":[{"embeddable":true,"href":"https:\/\/hizmet.ch\/index.php\/wp-json\/wp\/v2\/comments?post=78"}],"version-history":[{"count":1,"href":"https:\/\/hizmet.ch\/index.php\/wp-json\/wp\/v2\/pages\/78\/revisions"}],"predecessor-version":[{"id":79,"href":"https:\/\/hizmet.ch\/index.php\/wp-json\/wp\/v2\/pages\/78\/revisions\/79"}],"wp:attachment":[{"href":"https:\/\/hizmet.ch\/index.php\/wp-json\/wp\/v2\/media?parent=78"}],"curies":[{"name":"wp","href":"https:\/\/api.w.org\/{rel}","templated":true}]}}