{"id":76,"date":"2020-06-23T10:49:07","date_gmt":"2020-06-23T10:49:07","guid":{"rendered":"https:\/\/hizmet.ch\/?page_id=76"},"modified":"2020-09-30T20:35:58","modified_gmt":"2020-09-30T18:35:58","slug":"koordinationsstelle","status":"publish","type":"page","link":"https:\/\/hizmet.ch\/index.php\/koordinationsstelle\/","title":{"rendered":"Koordinationsstelle"},"content":{"rendered":"<p>[vc_row][vc_column][vc_column_text]<\/p>\n<p><strong>Hizmet Bewegung Schweiz<\/strong> ist ein Netzwerk von zivilgesellschaftlichen Organisationen und hat keine eigene Rechtspers\u00f6nlichkeit und keinen Vorstand. <strong>Die Koordinationsstelle<\/strong> versucht die Beziehung unter den Hizmet-Organisationen zu pflegen, zwischen ihnen Synergieeffekte zu erzielen, eine Plattform f\u00fcr ihre gemeinsamen Aktivit\u00e4ten aufzubauen, deren Interessen wahrzunehmen und Solidarit\u00e4t zwischen ihnen zu etablieren. Die Koordinationsstelle vertritt die Interessen der der Hizmet-Organisationen nach aussen und unterst\u00fctzt die Medien bei der Kontaktaufnahme mit den Mitgliedorganisationen.<\/p>\n<p><strong>Die Koordinationsstelle<\/strong> setzt sich aus den Pr\u00e4sidenten der Mitgliedsorganisationen und dem Leiter des Beirats zusammen. Zu den monatlichen Sitzungen der Koordinationsstelle werden dazu noch die Leiter der Kommissionen eingeladen.<\/p>\n<p>\u00a0<\/p>\n<div id=\"gtx-trans\" style=\"position: absolute; left: 184px; top: 360px;\">\n<div class=\"gtx-trans-icon\"><\/div>\n<\/div>\n<p>[\/vc_column_text][\/vc_column][\/vc_row]<\/p>\n","protected":false},"excerpt":{"rendered":"<p>[vc_row][vc_column][vc_column_text] Hizmet Bewegung Schweiz ist ein Netzwerk von zivilgesellschaftlichen Organisationen und hat keine eigene Rechtspers\u00f6nlichkeit und keinen Vorstand. Die Koordinationsstelle versucht die Beziehung unter den Hizmet-Organisationen zu pflegen, zwischen ihnen Synergieeffekte zu erzielen, eine Plattform f\u00fcr ihre gemeinsamen Aktivit\u00e4ten aufzubauen, deren Interessen wahrzunehmen und Solidarit\u00e4t zwischen ihnen zu etablieren. Die [&hellip;]<\/p>\n","protected":false},"author":1,"featured_media":0,"parent":0,"menu_order":0,"comment_status":"closed","ping_status":"closed","template":"","meta":{"footnotes":""},"class_list":["post-76","page","type-page","status-publish","hentry"],"aioseo_notices":[],"_links":{"self":[{"href":"https:\/\/hizmet.ch\/index.php\/wp-json\/wp\/v2\/pages\/76","targetHints":{"allow":["GET"]}}],"collection":[{"href":"https:\/\/hizmet.ch\/index.php\/wp-json\/wp\/v2\/pages"}],"about":[{"href":"https:\/\/hizmet.ch\/index.php\/wp-json\/wp\/v2\/types\/page"}],"author":[{"embeddable":true,"href":"https:\/\/hizmet.ch\/index.php\/wp-json\/wp\/v2\/users\/1"}],"replies":[{"embeddable":true,"href":"https:\/\/hizmet.ch\/index.php\/wp-json\/wp\/v2\/comments?post=76"}],"version-history":[{"count":3,"href":"https:\/\/hizmet.ch\/index.php\/wp-json\/wp\/v2\/pages\/76\/revisions"}],"predecessor-version":[{"id":1299,"href":"https:\/\/hizmet.ch\/index.php\/wp-json\/wp\/v2\/pages\/76\/revisions\/1299"}],"wp:attachment":[{"href":"https:\/\/hizmet.ch\/index.php\/wp-json\/wp\/v2\/media?parent=76"}],"curies":[{"name":"wp","href":"https:\/\/api.w.org\/{rel}","templated":true}]}}