{"id":70,"date":"2020-06-23T10:46:45","date_gmt":"2020-06-23T10:46:45","guid":{"rendered":"https:\/\/hizmet.ch\/?page_id=70"},"modified":"2020-12-06T02:20:28","modified_gmt":"2020-12-06T00:20:28","slug":"jugendarbeit","status":"publish","type":"page","link":"https:\/\/hizmet.ch\/index.php\/jugendarbeit\/","title":{"rendered":"Jugendarbeit"},"content":{"rendered":"<p>[vc_row][vc_column][vc_column_text]<\/p>\n<p>Hizmet Bewegung Schweiz ist eine zivilgesellschaftliche Vereinigung, welche sich f\u00fcr die religi\u00f6se und zivile Entfaltung einsetzt. Um diesen Zweck zu erf\u00fcllen, bietet die <strong>Kommission f\u00fcr Jugendarbeit <\/strong>ausserschulische Angebote f\u00fcr Kinder und Jugendliche an. Gemeinsam mit freiwilligen jungen Erwachsenen werden nicht kommerzielle bildungs-, erlebnis- und erfahrungsbezogene Sozialisationsfelder errichtet, welche vornehmlich p\u00e4dagogisch gerahmt sind.<\/p>\n<p>Die Kommission begleitet Kinder und Jugendliche durch fr\u00fche Lebensabschnitte. Dies geschieht je nach Bedarf individuell oder in Gleichaltrigen-Gruppen.<\/p>\n<p>[\/vc_column_text][\/vc_column][\/vc_row]<\/p>\n","protected":false},"excerpt":{"rendered":"<p>[vc_row][vc_column][vc_column_text] Hizmet Bewegung Schweiz ist eine zivilgesellschaftliche Vereinigung, welche sich f\u00fcr die religi\u00f6se und zivile Entfaltung einsetzt. Um diesen Zweck zu erf\u00fcllen, bietet die Kommission f\u00fcr Jugendarbeit ausserschulische Angebote f\u00fcr Kinder und Jugendliche an. Gemeinsam mit freiwilligen jungen Erwachsenen werden nicht kommerzielle bildungs-, erlebnis- und erfahrungsbezogene Sozialisationsfelder errichtet, welche vornehmlich [&hellip;]<\/p>\n","protected":false},"author":1,"featured_media":0,"parent":0,"menu_order":0,"comment_status":"closed","ping_status":"closed","template":"","meta":{"footnotes":""},"class_list":["post-70","page","type-page","status-publish","hentry"],"aioseo_notices":[],"_links":{"self":[{"href":"https:\/\/hizmet.ch\/index.php\/wp-json\/wp\/v2\/pages\/70","targetHints":{"allow":["GET"]}}],"collection":[{"href":"https:\/\/hizmet.ch\/index.php\/wp-json\/wp\/v2\/pages"}],"about":[{"href":"https:\/\/hizmet.ch\/index.php\/wp-json\/wp\/v2\/types\/page"}],"author":[{"embeddable":true,"href":"https:\/\/hizmet.ch\/index.php\/wp-json\/wp\/v2\/users\/1"}],"replies":[{"embeddable":true,"href":"https:\/\/hizmet.ch\/index.php\/wp-json\/wp\/v2\/comments?post=70"}],"version-history":[{"count":17,"href":"https:\/\/hizmet.ch\/index.php\/wp-json\/wp\/v2\/pages\/70\/revisions"}],"predecessor-version":[{"id":1654,"href":"https:\/\/hizmet.ch\/index.php\/wp-json\/wp\/v2\/pages\/70\/revisions\/1654"}],"wp:attachment":[{"href":"https:\/\/hizmet.ch\/index.php\/wp-json\/wp\/v2\/media?parent=70"}],"curies":[{"name":"wp","href":"https:\/\/api.w.org\/{rel}","templated":true}]}}