{"id":569,"date":"2020-07-12T21:37:18","date_gmt":"2020-07-12T21:37:18","guid":{"rendered":"https:\/\/hizmet.ch\/?page_id=569"},"modified":"2022-01-11T14:01:07","modified_gmt":"2022-01-11T12:01:07","slug":"faq","status":"publish","type":"page","link":"https:\/\/hizmet.ch\/index.php\/faq\/","title":{"rendered":"FAQ"},"content":{"rendered":"<p>[vc_row][vc_column][vc_column_text]<\/p>\n<h6 class=\"hestia-title title-in-content \">H\u00e4ufig gestellte Fragen<\/h6>\n<p>[\/vc_column_text][vc_toggle title=&#8220;Was bedeutet \u201cHizmet\u201d?&#8220; custom_font_container=&#8220;tag:h5|text_align:left&#8220; custom_google_fonts=&#8220;font_family:Cardo%3Aregular%2Citalic%2C700|font_style:700%20bold%20regular%3A700%3Anormal&#8220; use_custom_heading=&#8220;true&#8220;]<\/p>\n<div class=\"panel-heading\">\n<p class=\"panel-title toggle\" data-fontsize=\"16\" data-lineheight=\"22\"><span style=\"font-size: 18px;\">Hizmet heisst auf T\u00fcrkisch Dienst, Ehrenamt und Engagement. Wenn Mitwirkende in der sogenannten G\u00fclen Bewegung von ihrer Bewegung sprechen, verwenden sie meistens diesen Begriff. Dahinter steht die Idee, sich unabh\u00e4ngig von seiner Zugeh\u00f6rigkeit f\u00fcr andere zu engagieren und f\u00fcr die Gesellschaft Verantwortung zu \u00fcbernehmen.<\/span><\/p>\n<\/div>\n<p>[\/vc_toggle][vc_toggle title=&#8220;Wie ist die Hizmet-Bewegung in der Schweiz organisiert?&#8220; custom_font_container=&#8220;tag:h5|text_align:left&#8220; custom_google_fonts=&#8220;font_family:Cardo%3Aregular%2Citalic%2C700|font_style:700%20bold%20regular%3A700%3Anormal&#8220; use_custom_heading=&#8220;true&#8220;]<\/p>\n<div class=\"panel-heading\">\n<div class=\"panel-heading\">\n<p class=\"panel-title toggle\" data-fontsize=\"16\" data-lineheight=\"22\"><span style=\"font-size: 18px;\">Die Hizmet-Bewegung in der Schweiz besteht aus vielen dezentralen Vereinen und Stiftungen, die sich selbst organisieren. Insofern ist die Hizmet-Bewegung ein Netzwerk von Initiativen, welche sich nach Bedarf auf lokaler und nationaler Ebene austauschen und zusammenarbeiten. In der Schweiz ist in den letzten Jahrzehnten ein breites Sammelsurium an Organisationen entstanden, in denen sich unterschiedliche Menschen engagieren.<\/span><\/p>\n<\/div>\n<\/div>\n<p>[\/vc_toggle][vc_toggle title=&#8220;Wer sind die \u201cG\u00fclen-Anh\u00e4nger\u201d? Was ist der Bezug zu Fethullah G\u00fclen?&#8220; custom_font_container=&#8220;tag:h5|text_align:left&#8220; custom_google_fonts=&#8220;font_family:Cardo%3Aregular%2Citalic%2C700|font_style:700%20bold%20regular%3A700%3Anormal&#8220; use_custom_heading=&#8220;true&#8220;]<\/p>\n<div class=\"panel-heading\">\n<div class=\"panel-heading\"><\/div>\n<div id=\"e64e2a6247ce22c0f\" class=\"panel-collapse collapse in\">\n<div class=\"panel-body toggle-content fusion-clearfix\">\n<p>\u201cG\u00fclen-Anh\u00e4nger\u201d ist eine Bezeichnung, die innerhalb der Hizmet-Bewegung nicht ben\u00fctzt wird. Hizmet-Engagierte sind M\u00e4nner und Frauen aus allen Schichten und Altersgruppen. Ideen des Islamgelehrten Fethullah G\u00fclen sind f\u00fcr viele Menschen wichtige Quellen der Inspiration. Letztendlich findet das Engagement aber jeweils vor Ort statt und jeder Engagierte entscheidet selbst, auf welche Art und Weise er selbst einen Beitrag leisten m\u00f6chte.<\/p>\n<\/div>\n<\/div>\n<\/div>\n<div id=\"gtx-trans\" style=\"position: absolute; left: -10px; top: 28.25px;\">\n<div class=\"gtx-trans-icon\"><\/div>\n<\/div>\n<p>[\/vc_toggle][vc_toggle title=&#8220;Was ist das Ziel der Hizmet-Bewegung in der Schweiz?&#8220; custom_font_container=&#8220;tag:h5|text_align:left&#8220; custom_google_fonts=&#8220;font_family:Cardo%3Aregular%2Citalic%2C700|font_style:700%20bold%20regular%3A700%3Anormal&#8220; use_custom_heading=&#8220;true&#8220;]<\/p>\n<div class=\"panel-heading\">\n<div class=\"panel-heading\"><\/div>\n<div id=\"bc661146d7907a69b\" class=\"panel-collapse collapse in\">\n<div class=\"panel-body toggle-content fusion-clearfix\">\n<p>Der Mensch soll sich entwickeln, bilden und aufkl\u00e4ren k\u00f6nnen. Die Hizmet Bewegung in der Schweiz ist klein, meist Schweizer mit t\u00fcrkischem Hintergrund. Die Hizmet-Engagierten in der Schweiz haben verschiedene Vereine und Stiftungen gegr\u00fcndet, mit den Zielen Bildungseinrichtungen zu unterhalten und den interkulturellen und interreligi\u00f6sen Dialog sowie die Integration zu f\u00f6rdern. Siehe auch: \u201cWas sind unsere Ziele?\u201d<\/p>\n<\/div>\n<\/div>\n<\/div>\n<div id=\"gtx-trans\" style=\"position: absolute; left: -33px; top: 28.25px;\">\n<div class=\"gtx-trans-icon\"><\/div>\n<\/div>\n<p>[\/vc_toggle][vc_toggle title=&#8220;Wie steht die Hizmet-Bewegung zur Demokratie?&#8220; custom_font_container=&#8220;tag:h5|text_align:left&#8220; custom_google_fonts=&#8220;font_family:Cardo%3Aregular%2Citalic%2C700|font_style:700%20bold%20regular%3A700%3Anormal&#8220; use_custom_heading=&#8220;true&#8220;]<\/p>\n<div class=\"panel-heading\">\n<div class=\"panel-heading\"><\/div>\n<div id=\"6218d5d6fe1900867\" class=\"panel-collapse collapse in\">\n<div class=\"panel-body toggle-content fusion-clearfix\">\n<p><span>F\u00fcr Fethullah G\u00fclen ist der Islam zweifellos mit der Demokratie vereinbar. Seiner Ansicht nach gelten universelle Werte und Menschenrechte unabh\u00e4ngig von einer bestimmten Religion. Die Bem\u00fchungen von G\u00fclen im Rahmen der Hizmet-Bewegung f\u00fcr ein friedliches Zusammenleben und Dialog sind unbestritten\u00a0und werden von vielen Akademikern und Gelehrten weltweit dementsprechend gew\u00fcrdigt (wie z.B. Thomas Michel S.J., Prof. Helen Rose Ebaugh, Prof. Suleiman Abdallah Schleifer).<\/span><\/p>\n<p><span>In der Hizmet-Bewegung steht der Mensch im Mittelpunkt. Der Mensch als Individuum ist der Ausgangspunkt des Handelns. Jeder tr\u00e4gt die Verantwortung f\u00fcr sein eigenes Leben, aber auch f\u00fcr den Zustand der Gesellschaft. Damit geh\u00f6rt es zum Kern des Engagements, sich f\u00fcr Demokratie und Menschenrechte einzusetzen.<\/span><\/p>\n<\/div>\n<\/div>\n<\/div>\n<div id=\"gtx-trans\" style=\"position: absolute; left: -42px; top: 28.25px;\">\n<div class=\"gtx-trans-icon\"><\/div>\n<\/div>\n<p>[\/vc_toggle][vc_toggle title=&#8220;Was ist der Bezug der Hizmet-Bewegung zur Religion?&#8220; custom_font_container=&#8220;tag:h5|text_align:left&#8220; custom_google_fonts=&#8220;font_family:Cardo%3Aregular%2Citalic%2C700|font_style:700%20bold%20regular%3A700%3Anormal&#8220; use_custom_heading=&#8220;true&#8220;]<\/p>\n<div class=\"panel-heading\">\n<div class=\"panel-heading\"><\/div>\n<div id=\"aebf66fea53498ebc\" class=\"panel-collapse collapse in\">\n<div class=\"panel-body toggle-content fusion-clearfix\">\n<p><span>Da Hizmet eine vom Glauben inspirierte zivilgesellschaftliche Bewegung ist, werden die Mitwirkenden in dieser Bewegung nicht zuletzt durch spirituelle Ressourcen und moralische Werte motiviert, die aus der islamischen Tradition abgeleitet sind, zum Beispiel durch Uneigenn\u00fctzigkeit und andere nicht-materielle Anreize.<\/span><\/p>\n<p><span>Basis der Ideen der Hizmet Bewegung sind\u00a0<\/span><b>universelle Werte<\/b><span>\u00a0wie Toleranz, Chancengerechtigkeit, gesellschaftliche Teilhabe, demokratische Grundrechte, Meinungsfreiheit sowie Gleichstellung von Mann und Frau. Auch wenn Hizmet-Bewegung historisch betrachtet ihren Ursprung im Islam hat, steht sie allen Menschen offen \u2013 unabh\u00e4ngig davon, ob und welcher Religion sie angeh\u00f6ren.<\/span><\/p>\n<\/div>\n<\/div>\n<\/div>\n<div id=\"gtx-trans\" style=\"position: absolute; left: -45px; top: 28.25px;\">\n<div class=\"gtx-trans-icon\"><\/div>\n<\/div>\n<p>[\/vc_toggle][vc_toggle title=&#8220;Geh\u00f6rt die Hizmet-Bewegung zum politischen Islam?&#8220; custom_font_container=&#8220;tag:h5|text_align:left&#8220; custom_google_fonts=&#8220;font_family:Cardo%3Aregular%2Citalic%2C700|font_style:700%20bold%20regular%3A700%3Anormal&#8220; use_custom_heading=&#8220;true&#8220;]<\/p>\n<div class=\"panel-heading\">\n<div class=\"panel-heading\"><\/div>\n<div id=\"93aa598893a61a0a4\" class=\"panel-collapse collapse in\">\n<div class=\"panel-body toggle-content fusion-clearfix\">\n<p>Nein, die Bewegung vertritt nicht einen politischen, sondern einen zivilen Islam. Sie definiert sich als eine zivilgesellschaftliche Kraft, die den Menschen und dessen individuelle Entfaltung in den Mittelpunkt stellt.<\/p>\n<\/div>\n<\/div>\n<\/div>\n<div id=\"gtx-trans\" style=\"position: absolute; left: -38px; top: 28.25px;\">\n<div class=\"gtx-trans-icon\"><\/div>\n<\/div>\n<p>[\/vc_toggle][vc_toggle title=&#8220;Ist die Hizmet-Bewegung eine Sekte?&#8220; custom_font_container=&#8220;tag:h5|text_align:left&#8220; custom_google_fonts=&#8220;font_family:Cardo%3Aregular%2Citalic%2C700|font_style:700%20bold%20regular%3A700%3Anormal&#8220; use_custom_heading=&#8220;true&#8220;]<\/p>\n<div class=\"panel-heading\">\n<div class=\"panel-heading\"><\/div>\n<div id=\"1eb19571b721e6405\" class=\"panel-collapse collapse in\">\n<div class=\"panel-body toggle-content fusion-clearfix\">\n<p>Nein. Sekten zeichnen sich dadurch aus, dass das Individuum seine Autonomie verliert, die Mitglieder einen exklusiven Heilsanspruch haben, sich sozial isolieren und einen Personenkult pflegen. Alle dieser Voraussetzungen sind im Hizmet nicht erf\u00fcllt. Die Hizmet Bewegung kennt keine sektiererischen Lehren oder Rituale. Sie hat eine offene Struktur. Die Mitwirkung in der Bewegung erfolgt ausschliesslich auf freiwilliger Basis. Schliesslich gilt Fethullah G\u00fclen nicht als unfehlbar.<\/p>\n<\/div>\n<\/div>\n<\/div>\n<div id=\"gtx-trans\" style=\"position: absolute; left: -18px; top: 28.25px;\">\n<div class=\"gtx-trans-icon\"><\/div>\n<\/div>\n<p>[\/vc_toggle][vc_toggle title=&#8220;Wie finanzieren sich die Vereine bzw. Stiftungen der Hizmet-Bewegung in der Schweiz?&#8220; custom_font_container=&#8220;tag:h5|text_align:left&#8220; custom_google_fonts=&#8220;font_family:Cardo%3Aregular%2Citalic%2C700|font_style:700%20bold%20regular%3A700%3Anormal&#8220; use_custom_heading=&#8220;true&#8220;]<\/p>\n<div class=\"panel-heading\">\n<div class=\"panel-heading\"><\/div>\n<div id=\"cdbb77da02b278eb1\" class=\"panel-collapse collapse in\">\n<div class=\"panel-body toggle-content fusion-clearfix\">\n<p>Die Hizmet-Institutionen in der Schweiz sind als Vereine bzw. Stiftungen im Sinne des schweizerischen Zivilgesetzbuches organisiert. Diese Organisationen finanzieren sich \u2013 wie in der Schweiz \u00fcblich \u2013 durch F\u00f6rdergelder und Mitgliederbeitr\u00e4ge. Das Fundraising wird durch lokale Vereinigungen durchgef\u00fchrt. Die Hizmet-Bewegung in der Schweiz wird nicht aus dem Ausland finanziert.<\/p>\n<\/div>\n<\/div>\n<\/div>\n<div id=\"gtx-trans\" style=\"position: absolute; left: -32px; top: 28.25px;\">\n<div class=\"gtx-trans-icon\"><\/div>\n<\/div>\n<p>[\/vc_toggle][vc_toggle title=&#8220;Warum ist die Hizmet-Bewegung heute der t\u00fcrkische Staatsfeind Nummer eins?&#8220; custom_font_container=&#8220;tag:h5|text_align:left&#8220; custom_google_fonts=&#8220;font_family:Cardo%3Aregular%2Citalic%2C700|font_style:700%20bold%20regular%3A700%3Anormal&#8220; use_custom_heading=&#8220;true&#8220;]<\/p>\n<div class=\"panel-heading\">\n<div class=\"panel-heading\"><\/div>\n<div id=\"61e0afa85589fe932\" class=\"panel-collapse collapse in\">\n<div class=\"panel-body toggle-content fusion-clearfix\">\n<p>Die Machthaber in der T\u00fcrkei glauben wohl selber nicht, dass die Hizmet-Bewegung gef\u00e4hrlich ist. Fethullah G\u00fclen dient ihnen als klassischer S\u00fcndenbock. Man hat G\u00fclen zum Staatsfeind Nummer eins erkl\u00e4rt, nachdem 2013 aufgeflogen war, dass die Familie Erdogan mit drei Ministern seines Kabinetts in den Korruptionsskandal involviert waren. Ohne jeglichen Beweis wird seitens der Regierung behauptet, dass die Aufdeckung dieser Korruption durch Richter, Staatsanw\u00e4lte und Polizeibeamte erfolgte, welche der Hizmet-Bewegung nahe st\u00fcnden.<\/p>\n<p>Erdogan schafft sich immer wieder einen neuen S\u00fcndenbock, um von dem Korruptionsskandal abzulenken und seine Macht weiter auszubauen. Mittlerweile ist jeder ein Landesverr\u00e4ter oder Staatsfeind, der Erdogan und seine Politik kritisiert; alle oppositionelle Politiker, Akademiker, Richter, Staatsanw\u00e4lte, Polizeibeamte, Armeeangeh\u00f6rige, Journalisten, Gesch\u00e4ftsinhaber, usw. F\u00fcr sie gilt die Unschuldsvermutung nicht mehr.<\/p>\n<\/div>\n<\/div>\n<\/div>\n<div id=\"gtx-trans\" style=\"position: absolute; left: -47px; top: 28.25px;\">\n<div class=\"gtx-trans-icon\"><\/div>\n<\/div>\n<p>[\/vc_toggle][vc_toggle title=&#8220;Warum bezeichnet die t\u00fcrkische Regierung alle \u201cG\u00fclen-Anh\u00e4nger\u201d als Terroristen?&#8220; custom_font_container=&#8220;tag:h5|text_align:left&#8220; custom_google_fonts=&#8220;font_family:Cardo%3Aregular%2Citalic%2C700|font_style:700%20bold%20regular%3A700%3Anormal&#8220; use_custom_heading=&#8220;true&#8220;]<\/p>\n<div class=\"panel-heading\">\n<div class=\"panel-heading\"><\/div>\n<div id=\"fbdb903996d46625d\" class=\"panel-collapse collapse in\">\n<div class=\"panel-body toggle-content fusion-clearfix\">\n<p>Nach demokratischen und rechtstaatlichen Grunds\u00e4tzen ist dieser Vorwurf in keinsterweise haltbar. Es findet zurzeit eine Hexenjagd gegen alle regierungskritischen Stimmen, insbesondere gegen Hizmet-Engagierten, statt. Trotz allen Bem\u00fchungen konnte die t\u00fcrkische Regierung die westlichen Staaten und deren Nachrichtendienste von ihrer Behauptung, die Hizmet-Bewegung sei eine terroristische Organisation, nicht \u00fcberzeugen.<\/p>\n<\/div>\n<\/div>\n<\/div>\n<div id=\"gtx-trans\" style=\"position: absolute; left: -53px; top: 28.25px;\">\n<div class=\"gtx-trans-icon\"><\/div>\n<\/div>\n<p>[\/vc_toggle][vc_toggle title=&#8220;Welche Auswirkungen haben die aktuellen Ereignisse in der T\u00fcrkei auf die Schweiz?&#8220; custom_font_container=&#8220;tag:h5|text_align:left&#8220; custom_google_fonts=&#8220;font_family:Cardo%3Aregular%2Citalic%2C700|font_style:700%20bold%20regular%3A700%3Anormal&#8220; use_custom_heading=&#8220;true&#8220;]<\/p>\n<div class=\"panel-heading\">\n<div id=\"05ba5018e479e275b\" class=\"panel-collapse collapse in\">\n<div class=\"panel-body toggle-content fusion-clearfix\">\n<p>Das rigorose Vorgehen der Erdogan-Administration gegen regierungskritische Personen hat zur Folge, dass verfolgte Menschen aus der T\u00fcrkei u.a. in die Schweiz fl\u00fcchten, darunter auch Hizmet-Engagierte. Auch in der Schweiz werden Hizmet-Engagierte von Erdogan-Regime bespitzelt und gegen sie wird gehetzt. Wie alle regierungskritischen Stimmen sind auch sie von Anfeindungen und Diffamierungen betroffen. Laut Schweizer Medien versuchte der t\u00fcrkische Nachrichtendienst sogar einen schweizerischen Hizmet-Engagierten in der Schweiz zu entf\u00fchren. Der Familienvater w\u00e4re beinahe als erster und einziger Mensch seit dem Zweiten Weltkrieg von ausl\u00e4ndischen Agenten aus der Schweiz verschleppt worden. Die Hizmet-Engagierten sind stets bem\u00fcht, die Situation zu entsch\u00e4rfen und suchen gegebenenfalls Schutz ausschliesslich auf dem Rechtsweg.<\/p>\n<p>&nbsp;<\/p>\n<\/div>\n<\/div>\n<\/div>\n<p>[\/vc_toggle][vc_toggle title=&#8220;Welchen Repressionen sind Hizmet-Engagierte in der T\u00fcrkei ausgesetzt?&#8220; custom_font_container=&#8220;tag:h5|text_align:left&#8220; custom_google_fonts=&#8220;font_family:Cardo%3Aregular%2Citalic%2C700|font_style:700%20bold%20regular%3A700%3Anormal&#8220; use_custom_heading=&#8220;true&#8220;]<\/p>\n<div class=\"panel-heading\">\n<div class=\"panel-heading\">\n<p>Der Putschversuch im Juli 2016 hat das politische und gesellschaftliche Klima in der T\u00fcrkei auf den Kopf gestellt. Noch bevor \u00fcberhaupt klar war, was gerade passierte, hatte die Erdogan- Regierung die vermeintlichen Verantwortlichen des Putschversuchs identifiziert. Prompt wurden sie an den Pranger gestellt. Es folgten Verhaftungen. Aber auch Entlassungen aus dem Staatsdienst und dem privaten Sektor wurden zur Regel.<\/p>\n<p>Per Ende M\u00e4rz 2019 wurden nach offiziellen Angaben<\/p>\n<p>150\u2018348 Personen entlassen,<\/p>\n<p>gegen 500\u2018650 Personen ermittelt,<\/p>\n<p>96`885 Personen inhaftiert, darunter \u00fcber 18,000 Frauen und \u00fcber 800 Babys und Kleinkinder,<br \/>\n6`021 Akademiker*innen von den Universit\u00e4ten entlassen, 4`462 Richter*innen und Staatsanwalt*innen vom Staatsdienst entlassen bzw. inhaftiert.<\/p>\n<p>Nach offiziellen Angaben hat das Erdogan-Regime in der H\u00f6he von 30 Milliarden USD das<br \/>\nVerm\u00f6gen von Hizmet-Engagierten konfisziert.<\/p>\n<p>Die Verhaftungen dauern per Anfang 2022 immer noch an. Inhaftierungen erfolgen in vielen F\u00e4llen aufgrund von unklaren Anklagen und Behauptungen ohne Beweise. Personen k\u00f6nnen aufgrund blosser Anschuldigungen und Denunziationen durch dritte Personen in den Fokus der Beh\u00f6rden geraten. Das Erdogan-Regime wollte nach 15. Juli 2016 manche Personen verhaften, die schon vorher gestorben waren. Dies zeigt, dass die Verhaftngslisten schon lange vorher vorbereitet wurden.<\/p>\n<p>Die Folgen der andauernden Hexenjagd sind: Enteignungen, Inhaftierungen, Diskriminierungen, Diffamierungen. Die direkt Betroffenen finden weder eine Alternativanstellung noch verf\u00fcgen sie noch \u00fcber eine Sozial- oder Krankenversicherung in der T\u00fcrkei. Teile der Sanktionen umfassen auch Verwandte sowie Ehepartner und Kinder. Somit werden den Menschen die existentiellen Grundbed\u00fcrfnisse entzogen. Ein f\u00fchrender Funktion\u00e4r der t\u00fcrkischen Regierungspartei AKP empfiehlt den Betroffenen (sarkastisch), Baumwurzeln zu essen.<\/p>\n<p>Mehrere Tausend Menschen mussten aus Angst vor Inhaftierung das Land verlassen. Selbst diejenigen, die auf der Flucht sind, m\u00fcssen mit Verfolgung rechnen. So gibt es bereits mehrere F\u00e4lle von Entf\u00fchrungen aus dem Ausland, die in internationalen Medienberichten festgehalten wurden.<\/p>\n<\/div>\n<\/div>\n<p>[\/vc_toggle][vc_toggle title=&#8220;Gibt die Hizmet-Bewegung in ihren Bildungseinrichtungen den Lehrplan vor?&#8220; custom_font_container=&#8220;tag:h5|text_align:left&#8220; custom_google_fonts=&#8220;font_family:Cardo%3Aregular%2Citalic%2C700|font_style:700%20bold%20regular%3A700%3Anormal&#8220; use_custom_heading=&#8220;true&#8220;]<\/p>\n<div class=\"panel-heading\">\n<div class=\"panel-heading\"><\/div>\n<div id=\"14d0832bb75bb3b0d\" class=\"panel-collapse collapse in\">\n<div class=\"panel-body toggle-content fusion-clearfix\">\n<p>Die Bildungseinrichtungen, die von Hizmet-Engagierten betrieben werden, folgen kantonalen Lehrpl\u00e4nen und halten sich an die Bestimmungen, die vor Ort gelten. Bei der Wahl der Lehrkr\u00e4fte spielen weder Religion noch Nationalit\u00e4t eine Rolle.<\/p>\n<\/div>\n<\/div>\n<\/div>\n<div id=\"gtx-trans\" style=\"position: absolute; left: -29px; top: 28.25px;\">\n<div class=\"gtx-trans-icon\"><\/div>\n<\/div>\n<p>[\/vc_toggle][vc_toggle title=&#8220;Versucht die Hizmet-Bewegung in der Schweiz eine Parallelgesellschaft zu gr\u00fcnden?&#8220; custom_font_container=&#8220;tag:h5|text_align:left&#8220; custom_google_fonts=&#8220;font_family:Cardo%3Aregular%2Citalic%2C700|font_style:700%20bold%20regular%3A700%3Anormal&#8220; use_custom_heading=&#8220;true&#8220;]<\/p>\n<div class=\"panel-heading\">\n<div class=\"panel-heading\"><\/div>\n<div id=\"fb9706b676b91b4f3\" class=\"panel-collapse collapse in\">\n<div class=\"panel-body toggle-content fusion-clearfix\">Nein, die Hizmet-Bewegung ist offen, lokal engagiert und leistet vor Ort Integrationsarbeit, um unter anderem die Entstehung von Parallelgesellschaften zu verhindern. Dies geschieht in erster Linie mit Hilfe von Projekten und Kooperationen in den Bereichen Bildung und Dialog.<\/div>\n<\/div>\n<\/div>\n<div id=\"gtx-trans\" style=\"position: absolute; left: -15px; top: 28.25px;\">\n<div class=\"gtx-trans-icon\"><\/div>\n<\/div>\n<p>[\/vc_toggle][vc_toggle title=&#8220;Verbirgt die Hizmet-Bewegung ihre wahren Absichten?&#8220; custom_font_container=&#8220;tag:h5|text_align:left&#8220; custom_google_fonts=&#8220;font_family:Cardo%3Aregular%2Citalic%2C700|font_style:700%20bold%20regular%3A700%3Anormal&#8220; use_custom_heading=&#8220;true&#8220;]<\/p>\n<div class=\"panel-heading\">\n<div class=\"panel-heading\"><\/div>\n<div id=\"4fd0c3ef1edab9da7\" class=\"panel-collapse collapse in\">\n<div class=\"panel-body toggle-content fusion-clearfix\">\n<p>Nein, die Hizmet-Bewegung verbirgt ihre Absichten nicht. Sie ist eine zivile Gemeinschaft, die seit \u00fcber 30 Jahren in der Schweiz aktiv ist und ihren Beitrag f\u00fcr das friedliche Zusammenleben leistet. Diesen zivilgesellschaftlichen Ansatz verfolgt die Bewegung weiterhin.<\/p>\n<\/div>\n<\/div>\n<\/div>\n<div id=\"gtx-trans\" style=\"position: absolute; left: -49px; top: 28.25px;\">\n<div class=\"gtx-trans-icon\"><\/div>\n<\/div>\n<p>[\/vc_toggle][vc_toggle title=&#8220;Waren Erdo\u011fan und G\u00fclen Verb\u00fcndete?&#8220; custom_font_container=&#8220;tag:h5|text_align:left&#8220; custom_google_fonts=&#8220;font_family:Cardo%3Aregular%2Citalic%2C700|font_style:700%20bold%20regular%3A700%3Anormal&#8220; use_custom_heading=&#8220;true&#8220;]<\/p>\n<div class=\"panel-heading\">\n<div class=\"panel-heading\"><\/div>\n<div id=\"ed73f9dd09babf958\" class=\"panel-collapse collapse in\">\n<div class=\"panel-body toggle-content fusion-clearfix\">\n<p><span>Zu Beginn seiner staatspolitischen Karriere distanzierte sich Erdogan von seinen radikalen \u00dcberzeugungen, sprach sich stattdessen f\u00fcr eine strikte Trennung von Staat und Religion, f\u00fcr Rechte der Minderheiten, f\u00fcr Meinungs\u00e4usserungsfreiheit und \u00fcbernahm auch sonst einige Argumente der Hizmet-Bewegung. Nicht nur Hizmet-Engagierte sondern auch liberale Stimmen in der T\u00fcrkei sowie die westlichen Staaten waren lange vom demokratischen und rechtsstaalichen Reformkurs der AKP-Regierung unter Erdogan \u00fcberzeugt. So wurden beispielsweise die EU-Beitrittsverhandlungen aufgenommen.<\/span><\/p>\n<p><span>Viele Menschen der Hizmet-Bewegung unterst\u00fctzten den Reformkurs der AKP durch ihre Stimmen in den Wahlen. So entstand der Eindruck eines B\u00fcndnisses zwischen G\u00fclen und Erdogan. Je mehr Erdogan sich von demokratischen und rechtsstaatlichen Prinzipien entfernte, \u00a0desto mehr hat sich die Hizmet-Bewegung von ihm und seiner AKP distanziert. Die Ideen und Grunds\u00e4tze der Hizmet-Bewegung sind mit den aktuellen politischen Vorstellungen und Anspr\u00fcchen Erdogans nicht vereinbar. Nach dem Motto \u201cWer nicht f\u00fcr mich ist, ist gegen mich\u201d hat Erdogan alle Leute der Hizmet-Bewegung zum Feind erkl\u00e4rt.<\/span><\/p>\n<\/div>\n<\/div>\n<\/div>\n<div id=\"gtx-trans\" style=\"position: absolute; left: -49px; top: 28.25px;\">\n<div class=\"gtx-trans-icon\"><\/div>\n<\/div>\n<p>[\/vc_toggle][vc_toggle title=&#8220;Waren Hizmet-Engagierte am Putschversuch im Juli 2016 beteiligt?&#8220; custom_font_container=&#8220;tag:h5|text_align:left&#8220; custom_google_fonts=&#8220;font_family:Cardo%3Aregular%2Citalic%2C700|font_style:700%20bold%20regular%3A700%3Anormal&#8220; use_custom_heading=&#8220;true&#8220;]<\/p>\n<div class=\"panel-heading\">\n<div class=\"panel-heading\"><\/div>\n<div id=\"b147b8ff43a0ab796\" class=\"panel-collapse collapse in\">\n<div class=\"panel-body toggle-content fusion-clearfix\">\n<p>Sowohl Fethullah G\u00fclen als auch Hizmet-Engagierte haben den Putschversuch in der selben Nacht aufs Sch\u00e4rfste verurteilt und sich davon distanziert. Erdogan konnte bisher noch keinen demokratischen und rechtsstaatlich organisierten Staat von seiner Behauptung \u00fcberzeugen. Fethullah G\u00fclen rief mehrmals auf eine unabh\u00e4ngige internationale Kommission einzuberufen, um die Hintergr\u00fcnde des versuchten Putsches aufzukl\u00e4ren. Er erkl\u00e4rte sich bereit, sich der t\u00fcrkischen Justiz zu stellen, falls die Kommission seine Teilnahme am Putschversuch beweisen w\u00fcrde. Erdogan weigerte sich solch eine unabh\u00e4ngige Kommission einzuberufen.<\/p>\n<\/div>\n<\/div>\n<\/div>\n<div id=\"gtx-trans\" style=\"position: absolute; left: -49px; top: 28.25px;\">\n<div class=\"gtx-trans-icon\"><\/div>\n<\/div>\n<p>[\/vc_toggle][vc_toggle title=&#8220;Ist die Hizmet-Bewegung kritikf\u00e4hig?&#8220; custom_font_container=&#8220;tag:h5|text_align:left&#8220; custom_google_fonts=&#8220;font_family:Cardo%3Aregular%2Citalic%2C700|font_style:700%20bold%20regular%3A700%3Anormal&#8220; use_custom_heading=&#8220;true&#8220;]<\/p>\n<div class=\"panel-heading\">\n<div class=\"panel-heading\">\n<div class=\"panel-heading\"><\/div>\n<div id=\"5bd3a650729c10208\" class=\"panel-collapse collapse in\">\n<div class=\"panel-body toggle-content fusion-clearfix\">Der aufgeschlossene Umgang mit Kritik ist ein wichtiger Bestandteil der hiesigen demokratischen Gesellschaft. Als Teil dieser Gesellschaft nehmen wir alle Kritikpunkte ernst, reflektieren diese, versuchen aus diesen zu lernen und entwickeln uns weiter.<\/div>\n<\/div>\n<\/div>\n<\/div>\n<div id=\"gtx-trans\" style=\"position: absolute; left: -83px; top: 28.25px;\">\n<div class=\"gtx-trans-icon\"><\/div>\n<\/div>\n<p>[\/vc_toggle][\/vc_column][\/vc_row]<\/p>\n","protected":false},"excerpt":{"rendered":"<p>[vc_row][vc_column][vc_column_text] H\u00e4ufig gestellte Fragen [\/vc_column_text][vc_toggle title=&#8220;Was bedeutet \u201cHizmet\u201d?&#8220; custom_font_container=&#8220;tag:h5|text_align:left&#8220; custom_google_fonts=&#8220;font_family:Cardo%3Aregular%2Citalic%2C700|font_style:700%20bold%20regular%3A700%3Anormal&#8220; use_custom_heading=&#8220;true&#8220;] Hizmet heisst auf T\u00fcrkisch Dienst, Ehrenamt und Engagement. Wenn Mitwirkende in der sogenannten G\u00fclen Bewegung von ihrer Bewegung sprechen, verwenden sie meistens diesen Begriff. Dahinter steht die Idee, sich unabh\u00e4ngig von seiner Zugeh\u00f6rigkeit f\u00fcr andere zu engagieren und f\u00fcr [&hellip;]<\/p>\n","protected":false},"author":1,"featured_media":0,"parent":0,"menu_order":0,"comment_status":"closed","ping_status":"closed","template":"","meta":{"footnotes":""},"class_list":["post-569","page","type-page","status-publish","hentry"],"aioseo_notices":[],"_links":{"self":[{"href":"https:\/\/hizmet.ch\/index.php\/wp-json\/wp\/v2\/pages\/569","targetHints":{"allow":["GET"]}}],"collection":[{"href":"https:\/\/hizmet.ch\/index.php\/wp-json\/wp\/v2\/pages"}],"about":[{"href":"https:\/\/hizmet.ch\/index.php\/wp-json\/wp\/v2\/types\/page"}],"author":[{"embeddable":true,"href":"https:\/\/hizmet.ch\/index.php\/wp-json\/wp\/v2\/users\/1"}],"replies":[{"embeddable":true,"href":"https:\/\/hizmet.ch\/index.php\/wp-json\/wp\/v2\/comments?post=569"}],"version-history":[{"count":18,"href":"https:\/\/hizmet.ch\/index.php\/wp-json\/wp\/v2\/pages\/569\/revisions"}],"predecessor-version":[{"id":2380,"href":"https:\/\/hizmet.ch\/index.php\/wp-json\/wp\/v2\/pages\/569\/revisions\/2380"}],"wp:attachment":[{"href":"https:\/\/hizmet.ch\/index.php\/wp-json\/wp\/v2\/media?parent=569"}],"curies":[{"name":"wp","href":"https:\/\/api.w.org\/{rel}","templated":true}]}}