{"id":56,"date":"2020-06-23T10:42:08","date_gmt":"2020-06-23T10:42:08","guid":{"rendered":"https:\/\/hizmet.ch\/?page_id=56"},"modified":"2020-12-09T20:34:12","modified_gmt":"2020-12-09T18:34:12","slug":"islamische-bildung-und-forschung-kibf","status":"publish","type":"page","link":"https:\/\/hizmet.ch\/index.php\/islamische-bildung-und-forschung-kibf\/","title":{"rendered":"Islamische Bildung und Forschung (KIBF)"},"content":{"rendered":"<p>[vc_row][vc_column][vc_column_text]<\/p>\n<p>Hizmet Bewegung Schweiz setzt sich f\u00fcr den differenzierten Umgang mit Religion ein. <strong>Die Kommission f\u00fcr islamische Bildung und Forschung<\/strong> ist aus dieser Idee im Jahre 2019 entstanden. In dieser Kommission sitzen nebst Islamwissenschaftlern und Theologen auch Sozialwissenschaftler, Juristen, Naturwissenschaftler, \u00dcbersetzer, P\u00e4dagogen und Akademiker, die ein breites Spektrum an Wissen und Erfahrung mitbringen. Die Kommission f\u00fcr islamische Bildung und Forschung will interdisziplin\u00e4re Forschungsarbeit betreiben und hochwertige Bildungsangebote anbieten. Wie die Hizmet Bewegung Schweiz bekennt die Kommission sich zu den Werten wie Meinungs- und Religionsfreiheit, Chancengerechtigkeit, Gleichstellung von Mann und Frau, Gewaltfreiheit etc.<\/p>\n<p>[\/vc_column_text][\/vc_column][\/vc_row][vc_row][vc_column][vc_column_text]&nbsp;[\/vc_column_text][\/vc_column][\/vc_row]<\/p>\n","protected":false},"excerpt":{"rendered":"<p>[vc_row][vc_column][vc_column_text] Hizmet Bewegung Schweiz setzt sich f\u00fcr den differenzierten Umgang mit Religion ein. Die Kommission f\u00fcr islamische Bildung und Forschung ist aus dieser Idee im Jahre 2019 entstanden. In dieser Kommission sitzen nebst Islamwissenschaftlern und Theologen auch Sozialwissenschaftler, Juristen, Naturwissenschaftler, \u00dcbersetzer, P\u00e4dagogen und Akademiker, die ein breites Spektrum an Wissen [&hellip;]<\/p>\n","protected":false},"author":1,"featured_media":0,"parent":0,"menu_order":0,"comment_status":"closed","ping_status":"closed","template":"","meta":{"footnotes":""},"class_list":["post-56","page","type-page","status-publish","hentry"],"aioseo_notices":[],"_links":{"self":[{"href":"https:\/\/hizmet.ch\/index.php\/wp-json\/wp\/v2\/pages\/56","targetHints":{"allow":["GET"]}}],"collection":[{"href":"https:\/\/hizmet.ch\/index.php\/wp-json\/wp\/v2\/pages"}],"about":[{"href":"https:\/\/hizmet.ch\/index.php\/wp-json\/wp\/v2\/types\/page"}],"author":[{"embeddable":true,"href":"https:\/\/hizmet.ch\/index.php\/wp-json\/wp\/v2\/users\/1"}],"replies":[{"embeddable":true,"href":"https:\/\/hizmet.ch\/index.php\/wp-json\/wp\/v2\/comments?post=56"}],"version-history":[{"count":9,"href":"https:\/\/hizmet.ch\/index.php\/wp-json\/wp\/v2\/pages\/56\/revisions"}],"predecessor-version":[{"id":1669,"href":"https:\/\/hizmet.ch\/index.php\/wp-json\/wp\/v2\/pages\/56\/revisions\/1669"}],"wp:attachment":[{"href":"https:\/\/hizmet.ch\/index.php\/wp-json\/wp\/v2\/media?parent=56"}],"curies":[{"name":"wp","href":"https:\/\/api.w.org\/{rel}","templated":true}]}}