{"id":54555,"date":"2025-07-25T06:49:12","date_gmt":"2025-07-25T04:49:12","guid":{"rendered":"https:\/\/hizmet.ch\/?page_id=54555"},"modified":"2025-07-25T06:50:13","modified_gmt":"2025-07-25T04:50:13","slug":"kommission-fuer-innermuslimische-kooperation-und-solidaritaet","status":"publish","type":"page","link":"https:\/\/hizmet.ch\/index.php\/kommission-fuer-innermuslimische-kooperation-und-solidaritaet\/","title":{"rendered":"Kommission f\u00fcr innermuslimische Kooperation und Solidarit\u00e4t"},"content":{"rendered":"\n<p>Die Kommission ist eine Plattform f\u00fcr muslimische Menschen in der Schweiz, unabh\u00e4ngig davon, ob sie erst k\u00fcrzlich zugewandert sind oder bereits seit mehreren Generationen dort leben. Ziel ist es, durch Freundschaft, Dialog, gegenseitigen Ideenaustausch sowie gemeinsame L\u00f6sungsans\u00e4tze f\u00fcr gesellschaftliche Herausforderungen eine vertrauensvolle Beziehung aufzubauen und einen konstruktiven Dialog zu erm\u00f6glichen. Im Vordergrund steht die gemeinsame Frage, wie Integration gelingen kann.<\/p>\n","protected":false},"excerpt":{"rendered":"<p>Die Kommission ist eine Plattform f\u00fcr muslimische Menschen in der Schweiz, unabh\u00e4ngig davon, ob sie erst k\u00fcrzlich zugewandert sind oder bereits seit mehreren Generationen dort leben. Ziel ist es, durch Freundschaft, Dialog, gegenseitigen Ideenaustausch sowie gemeinsame L\u00f6sungsans\u00e4tze f\u00fcr gesellschaftliche Herausforderungen eine vertrauensvolle Beziehung aufzubauen und einen konstruktiven Dialog zu erm\u00f6glichen. [&hellip;]<\/p>\n","protected":false},"author":1,"featured_media":0,"parent":0,"menu_order":0,"comment_status":"closed","ping_status":"closed","template":"","meta":{"footnotes":""},"class_list":["post-54555","page","type-page","status-publish","hentry"],"aioseo_notices":[],"_links":{"self":[{"href":"https:\/\/hizmet.ch\/index.php\/wp-json\/wp\/v2\/pages\/54555","targetHints":{"allow":["GET"]}}],"collection":[{"href":"https:\/\/hizmet.ch\/index.php\/wp-json\/wp\/v2\/pages"}],"about":[{"href":"https:\/\/hizmet.ch\/index.php\/wp-json\/wp\/v2\/types\/page"}],"author":[{"embeddable":true,"href":"https:\/\/hizmet.ch\/index.php\/wp-json\/wp\/v2\/users\/1"}],"replies":[{"embeddable":true,"href":"https:\/\/hizmet.ch\/index.php\/wp-json\/wp\/v2\/comments?post=54555"}],"version-history":[{"count":2,"href":"https:\/\/hizmet.ch\/index.php\/wp-json\/wp\/v2\/pages\/54555\/revisions"}],"predecessor-version":[{"id":54557,"href":"https:\/\/hizmet.ch\/index.php\/wp-json\/wp\/v2\/pages\/54555\/revisions\/54557"}],"wp:attachment":[{"href":"https:\/\/hizmet.ch\/index.php\/wp-json\/wp\/v2\/media?parent=54555"}],"curies":[{"name":"wp","href":"https:\/\/api.w.org\/{rel}","templated":true}]}}