{"id":2330,"date":"2021-12-15T14:06:17","date_gmt":"2021-12-15T12:06:17","guid":{"rendered":"https:\/\/hizmet.ch\/?page_id=2330"},"modified":"2021-12-15T15:16:28","modified_gmt":"2021-12-15T13:16:28","slug":"creation-des-valeurs-fondamentales-de-hizmet","status":"publish","type":"page","link":"https:\/\/hizmet.ch\/index.php\/creation-des-valeurs-fondamentales-de-hizmet\/?lang=fr","title":{"rendered":"Cr\u00e9ation des Valeurs Fondamentales de Hizmet"},"content":{"rendered":"\n<p>Le mouvement&nbsp;Hizmet&nbsp;est un mouvement de la soci\u00e9t\u00e9 civile engag\u00e9 dans les id\u00e9aux de vivre-ensemble en paix et au service de l\u2019humanit\u00e9, il travaille dans le cadre de la&nbsp;responsabilit\u00e9 sociale et de la philanthropie. Le mouvement est centr\u00e9 sur le concept du volontariat altruiste et donne la priorit\u00e9 \u00e0 l\u2019\u00e9ducation, au dialogue et \u00e0 l\u2019aide humanitaire dans ses activit\u00e9s. C\u2019est un mouvement pacifique qui embrasse la diversit\u00e9 religieuse, sociale et culturelle et qui s\u2019inspire des valeurs humanitaires islamiques et universelles.&nbsp;<\/p>\n\n\n\n<p>\u00ab<em>Ce&nbsp;travail sur les valeurs est louable et prometteur pour l\u2019avenir. J\u2019ai la conviction et l\u2019espoir que les activit\u00e9s des b\u00e9n\u00e9voles du&nbsp;Hizmet, d\u00e9vou\u00e9s \u00e0 ces valeurs fondamentales, sur la trajectoire d\u2019aider les autres \u00e0 vivre en paix, avec pour finalit\u00e9 le consentement divin, contribueront de mani\u00e8re significative \u00e0 la formation d\u2019un monde plus vivable reposant sur la paix et la s\u00e9r\u00e9nit\u00e9. Que Dieu b\u00e9nisse ceux qui ont contribu\u00e9 \u00e0 cette \u0153uvre.<\/em>&nbsp;\u00bb&nbsp;<\/p>\n\n\n\n<p>Fethullah&nbsp;G\u00fclen&nbsp;<\/p>\n","protected":false},"excerpt":{"rendered":"<p>Le mouvement&nbsp;Hizmet&nbsp;est un mouvement de la soci\u00e9t\u00e9 civile engag\u00e9 dans les id\u00e9aux de vivre-ensemble en paix et au service de l\u2019humanit\u00e9, il travaille dans le cadre de la&nbsp;responsabilit\u00e9 sociale et de la philanthropie. Le mouvement est centr\u00e9 sur le concept du volontariat altruiste et donne la priorit\u00e9 \u00e0 l\u2019\u00e9ducation, au [&hellip;]<\/p>\n","protected":false},"author":1,"featured_media":0,"parent":0,"menu_order":0,"comment_status":"closed","ping_status":"closed","template":"","meta":{"footnotes":""},"class_list":["post-2330","page","type-page","status-publish","hentry"],"aioseo_notices":[],"_links":{"self":[{"href":"https:\/\/hizmet.ch\/index.php\/wp-json\/wp\/v2\/pages\/2330","targetHints":{"allow":["GET"]}}],"collection":[{"href":"https:\/\/hizmet.ch\/index.php\/wp-json\/wp\/v2\/pages"}],"about":[{"href":"https:\/\/hizmet.ch\/index.php\/wp-json\/wp\/v2\/types\/page"}],"author":[{"embeddable":true,"href":"https:\/\/hizmet.ch\/index.php\/wp-json\/wp\/v2\/users\/1"}],"replies":[{"embeddable":true,"href":"https:\/\/hizmet.ch\/index.php\/wp-json\/wp\/v2\/comments?post=2330"}],"version-history":[{"count":1,"href":"https:\/\/hizmet.ch\/index.php\/wp-json\/wp\/v2\/pages\/2330\/revisions"}],"predecessor-version":[{"id":2331,"href":"https:\/\/hizmet.ch\/index.php\/wp-json\/wp\/v2\/pages\/2330\/revisions\/2331"}],"wp:attachment":[{"href":"https:\/\/hizmet.ch\/index.php\/wp-json\/wp\/v2\/media?parent=2330"}],"curies":[{"name":"wp","href":"https:\/\/api.w.org\/{rel}","templated":true}]}}