{"id":2325,"date":"2021-12-15T14:04:23","date_gmt":"2021-12-15T12:04:23","guid":{"rendered":"https:\/\/hizmet.ch\/?page_id=2325"},"modified":"2021-12-15T15:29:14","modified_gmt":"2021-12-15T13:29:14","slug":"les-valeurs-fondamentales","status":"publish","type":"page","link":"https:\/\/hizmet.ch\/index.php\/les-valeurs-fondamentales\/?lang=fr","title":{"rendered":"Les Valeurs Fondamentales"},"content":{"rendered":"\n<ol class=\"wp-block-list\"><li><strong>Le respect des humains et des droits fondamentaux de l\u00b4homme&nbsp;<\/strong><\/li><\/ol>\n\n\n\n<p>Les personnes engag\u00e9es dans le mouvement Hizmet ont la conviction que chaque \u00eatre humain est pr\u00e9cieux en soi et doit \u00eatre trait\u00e9 avec dignit\u00e9. Chaque personne est \u00e9gale en tant qu\u2019\u00eatre humain et au regard de la loi, et aucune personne n\u2019est sup\u00e9rieure \u00e0 une autre. Les participants au Hizmet d\u00e9fendent tous les droits de l\u2019homme et libert\u00e9s exprim\u00e9s dans la D\u00e9claration universelle des droits de l\u2019homme des Nations Unies. La justice sociale et l\u2019\u00e9galit\u00e9 des chances sont des conditions pr\u00e9alables \u00e0 l\u2019\u00e9galit\u00e9 entre les personnes.&nbsp;<\/p>\n\n\n\n<ol class=\"wp-block-list\" start=\"2\"><li><strong>Le respect de l\u2019\u00c9tat de droit&nbsp;<\/strong><\/li><\/ol>\n\n\n\n<p>Les participants au Hizmet respectent l\u2019\u00c9tat de droit. Ils ne consid\u00e8rent personne comme \u00e9tant au-dessus des lois et agissent dans le cadre de la protection de la dignit\u00e9 humaine, des principes juridiques universels et des lois de leur pays de r\u00e9sidence. Ils g\u00e8rent leurs organisations de mani\u00e8re \u00e0 respecter ou \u00e0 d\u00e9passer les normes de transparence et de responsabilit\u00e9 de leur soci\u00e9t\u00e9.&nbsp;<\/p>\n\n\n\n<ol class=\"wp-block-list\" start=\"3\"><li><strong>L\u2019action pacifique et positive&nbsp;&nbsp;<\/strong><\/li><\/ol>\n\n\n\n<p>Le Hizmet est un mouvement pacifique. Les participants au Hizmet rejettent l\u2019usage de la violence comme outil politique. Les participants au Hizmet pr\u00e9f\u00e8rent les actions positives et constructives et rejettent toute action hostile et destructrice.&nbsp;<\/p>\n\n\n\n<ol class=\"wp-block-list\" start=\"4\"><li><strong>L\u2019autonomisation des femmes<\/strong>&nbsp;&nbsp;<\/li><\/ol>\n\n\n\n<p>Les participants au Hizmet sont attach\u00e9s \u00e0 l\u2019id\u00e9al selon lequel les femmes ont des chances \u00e9gales et peuvent contribuer \u00e0 tous les aspects de la soci\u00e9t\u00e9 sans discrimination, elles s\u2019efforcent de r\u00e9pondre \u00e0 cet id\u00e9al dans toutes les activit\u00e9s.&nbsp;<\/p>\n\n\n\n<ol class=\"wp-block-list\" start=\"5\"><li><strong>L\u00b4action \u00e9thique&nbsp;&nbsp;<\/strong><\/li><\/ol>\n\n\n\n<p>Les participants au Hizmet pr\u00eatent attention \u00e0 la fois aux normes \u00e9thiques et aux principes moraux dans leurs activit\u00e9s. Ils respectent des principes \u00e9thiques fondamentaux, notamment l\u2019honn\u00eatet\u00e9, la fiabilit\u00e9, l\u2019innocuit\u00e9 et l\u2019\u00e9quit\u00e9. Ils estiment que les objectifs l\u00e9gitimes et l\u00e9gaux devraient \u00eatre atteints par des moyens l\u00e9gitimes et de plein droit.&nbsp;<\/p>\n\n\n\n<ol class=\"wp-block-list\" start=\"6\"><li><strong>Le respect de la diversit\u00e9, le pluralisme&nbsp;<\/strong><\/li><\/ol>\n\n\n\n<p>Les participants au Hizmet consid\u00e8rent la diversit\u00e9 collective et individuelle comme une richesse tant qu\u2019elle ne contredit pas les droits fondamentaux de l\u2019homme. Ils adoptent une attitude n\u00e9cessaire afin d\u2019\u00e9viter tout conflit d\u00e9coulant de diff\u00e9rences dans les croyances sacr\u00e9es.&nbsp;<\/p>\n\n\n\n<ol class=\"wp-block-list\" start=\"7\"><li><strong>La participation volontaire&nbsp;<\/strong><\/li><\/ol>\n\n\n\n<p>Pour les b\u00e9n\u00e9voles du Hizmet, se joindre \u00e0 des activit\u00e9s ou les quitter est le choix individuel de chacun. Les participants au Hizmet contribuent \u00e0 des projets donnant vie \u00e0 leurs valeurs et profitant \u00e0 l\u2019humanit\u00e9, que ce soit par des dons ou du b\u00e9n\u00e9volat.&nbsp;<\/p>\n\n\n\n<ol class=\"wp-block-list\" start=\"8\"><li><strong>La consultation et la sagesse partag\u00e9e&nbsp;<\/strong><\/li><\/ol>\n\n\n\n<p>\u200b\u200bLes personnes engag\u00e9es dans le Hizmet profitent du savoir collectif qui r\u00e9sulte de l\u2019\u00e9change de perspectives et d\u2019opinions diff\u00e9rentes.&nbsp;<\/p>\n\n\n\n<ol class=\"wp-block-list\" start=\"9\"><li><strong>La soci\u00e9t\u00e9 civile, l\u2019ind\u00e9pendance&nbsp;<\/strong><\/li><\/ol>\n\n\n\n<p>Le Hizmet est un mouvement de la soci\u00e9t\u00e9 civile et agit de mani\u00e8re ind\u00e9pendante. Ce n\u2019est pas une extension d\u2019un \u00c9tat ou d\u2019une entit\u00e9 politique. Les b\u00e9n\u00e9voles du Hizmet mettent l\u2019accent sur l\u2019int\u00e9riorisation des valeurs d\u00e9mocratiques, la citoyennet\u00e9 active et la participation communautaire, ils respectent les choix politiques de chaque individu. Ils s\u2019opposent \u00e0 ce que la religion devienne une id\u00e9ologie politique ou ne fasse de la religion un outil politique.&nbsp;<\/p>\n\n\n\n<ol class=\"wp-block-list\" start=\"10\"><li><strong>L\u00b4engagement civique et la contribution \u00e0 la soci\u00e9t\u00e9&nbsp;&nbsp;<\/strong><\/li><\/ol>\n\n\n\n<p>Les participants au Hizmet consid\u00e8rent qu\u2019il est de la responsabilit\u00e9 sociale de contribuer \u00e0 la soci\u00e9t\u00e9 et d\u2019aider \u00e0 r\u00e9soudre les probl\u00e8mes soci\u00e9taux. Ils se consid\u00e8rent comme faisant partie d\u2019une famille universelle. Ils sont sensibles aux probl\u00e8mes humanitaires et visent \u00e0 servir l\u2019humanit\u00e9.&nbsp;<\/p>\n\n\n\n<ol class=\"wp-block-list\" start=\"11\"><li><strong>La protection de l\u00b4environnement&nbsp;&nbsp;<\/strong><\/li><\/ol>\n\n\n\n<p>Les personnes engag\u00e9es dans le Hizmet consid\u00e8rent la terre et tous ses \u00e9cosyst\u00e8mes comme un bien \u00e0 pr\u00e9server pour les g\u00e9n\u00e9rations futures et s\u2019efforcent de prot\u00e9ger l\u2019environnement.&nbsp;<\/p>\n\n\n\n<ol class=\"wp-block-list\" start=\"12\"><li><strong>La vision globale de l\u2019\u00eatre humain et l\u2019unit\u00e9 de l\u2019esprit et du c\u0153ur&nbsp;<\/strong><\/li><\/ol>\n\n\n\n<p>Les \u00eatres humains sont \u00e0 la fois des \u00eatres physiques et spirituels. Les personnes engag\u00e9es dans le Hizmet estiment donc que la raison et les connaissances scientifiques, ainsi que les disciplines spirituelles, doivent \u00eatre utilis\u00e9es de mani\u00e8re \u00e9gale pour permettre l\u2019\u00e9panouissement mat\u00e9riel et spirituel de l\u2019\u00eatre humain.<\/p>\n","protected":false},"excerpt":{"rendered":"<p>Le respect des humains et des droits fondamentaux de l\u00b4homme&nbsp; Les personnes engag\u00e9es dans le mouvement Hizmet ont la conviction que chaque \u00eatre humain est pr\u00e9cieux en soi et doit \u00eatre trait\u00e9 avec dignit\u00e9. Chaque personne est \u00e9gale en tant qu\u2019\u00eatre humain et au regard de la loi, et aucune [&hellip;]<\/p>\n","protected":false},"author":1,"featured_media":0,"parent":0,"menu_order":0,"comment_status":"closed","ping_status":"closed","template":"","meta":{"footnotes":""},"class_list":["post-2325","page","type-page","status-publish","hentry"],"aioseo_notices":[],"_links":{"self":[{"href":"https:\/\/hizmet.ch\/index.php\/wp-json\/wp\/v2\/pages\/2325","targetHints":{"allow":["GET"]}}],"collection":[{"href":"https:\/\/hizmet.ch\/index.php\/wp-json\/wp\/v2\/pages"}],"about":[{"href":"https:\/\/hizmet.ch\/index.php\/wp-json\/wp\/v2\/types\/page"}],"author":[{"embeddable":true,"href":"https:\/\/hizmet.ch\/index.php\/wp-json\/wp\/v2\/users\/1"}],"replies":[{"embeddable":true,"href":"https:\/\/hizmet.ch\/index.php\/wp-json\/wp\/v2\/comments?post=2325"}],"version-history":[{"count":3,"href":"https:\/\/hizmet.ch\/index.php\/wp-json\/wp\/v2\/pages\/2325\/revisions"}],"predecessor-version":[{"id":2349,"href":"https:\/\/hizmet.ch\/index.php\/wp-json\/wp\/v2\/pages\/2325\/revisions\/2349"}],"wp:attachment":[{"href":"https:\/\/hizmet.ch\/index.php\/wp-json\/wp\/v2\/media?parent=2325"}],"curies":[{"name":"wp","href":"https:\/\/api.w.org\/{rel}","templated":true}]}}