{"id":2312,"date":"2021-12-15T13:40:48","date_gmt":"2021-12-15T11:40:48","guid":{"rendered":"https:\/\/hizmet.ch\/?page_id=2312"},"modified":"2021-12-15T15:13:59","modified_gmt":"2021-12-15T13:13:59","slug":"hizmet-werte-in-der-praxis","status":"publish","type":"page","link":"https:\/\/hizmet.ch\/index.php\/hizmet-werte-in-der-praxis\/","title":{"rendered":"Hizmet-Werte in der Praxis"},"content":{"rendered":"\n<p><strong>1.&nbsp;Bildung<\/strong>&nbsp;<\/p>\n\n\n\n<p>F\u00fcr Hizmet-Engagierte ist Bildung ein Weg zu gesellschaftlicher Entwicklung, Frieden, Chancengleichheit und sozialer Gerechtigkeit.&nbsp; Im Hinblick auf diese Ziele gr\u00fcnden die Engagierten Schulen, Universit\u00e4ten, Nachhilfezentren, Studentenwohnheime und organisieren Kurse, Seminare, Wochenendschulen, au\u00dferschulische Programme sowie andere bildungsorientierte Initiativen. Die Bildungsprogramme richten sich nach den Lehrpl\u00e4nen des Landes, in dem sie ans\u00e4ssig sind, und umfassen verschiedene Bereiche wie Natur- und Sozialwissenschaften, Geisteswissenschaften, Kunst, Sport und Sprachunterricht. Sie f\u00f6rdern aktiv die Teilnahme von Menschen aus allen Teilen ihrer Gesellschaft an ihren Bildungsaktivit\u00e4ten.<\/p>\n\n\n\n<p><strong>2.&nbsp;Spirituelle&nbsp;Entwicklung<\/strong>&nbsp;<\/p>\n\n\n\n<p>Hizmet-Engagierte organisieren und unterst\u00fctzen religi\u00f6se\/spirituelle, soziale und kulturelle Aktivit\u00e4ten wie spirituelle Zusammenk\u00fcnfte, Seminare, Diskussionsrunden und Mentoring-Programme, die ihnen helfen, ihre spirituellen Bed\u00fcrfnisse zu erf\u00fcllen und sich spirituell zu entwickeln.<\/p>\n\n\n\n<p><strong>3.&nbsp;Dialog&nbsp;und&nbsp;Frieden&nbsp;in der&nbsp;Gesellschaft<\/strong><\/p>\n\n\n\n<p>Hizmet-Engagierte organisieren Aktivit\u00e4ten f\u00fcr b\u00fcrgerschaftliches Engagement und Dialog unter Menschen verschiedener Religionen, Ethnien, Traditionen, Kulturen und Weltanschauungen. Ziel dieser Aktivit\u00e4ten ist es, gesellschaftlichen Frieden zu schaffen, das gegenseitige Kennenlernen zu f\u00f6rdern, Einf\u00fchlungsverm\u00f6gen und die Bereitschaft zu f\u00f6rdern, jeden Menschen so zu akzeptieren, wie er ist.&nbsp;<\/p>\n\n\n\n<p>Zu diesen Aktivit\u00e4ten geh\u00f6ren auch akademische Veranstaltungen wie Symposien, Podiumsdiskussionen und Seminare, kulturelle Veranstaltungen wie Feste, Ausfl\u00fcge und Familientreffen, spirituelle Veranstaltungen wie gemeinsame Gebete und Iftar-Programme sowie soziale Projekte und humanit\u00e4re Hilfsma\u00dfnahmen.<\/p>\n\n\n\n<p><strong>4.&nbsp;Humanit\u00e4re&nbsp;Hilfe&nbsp;und&nbsp;Beitrag&nbsp;zum&nbsp;Wohlergehen&nbsp;der&nbsp;Gesellschaft<\/strong>&nbsp;<\/p>\n\n\n\n<p>Hizmet-Engagierte betrachten den Dienst an der Menschheit als soziale Verantwortung und auch als gelebte Spiritualit\u00e4t. Im Rahmen von humanit\u00e4ren Hilfsaktionen stellen sie Menschen, die von Naturkatastrophen, Kriegen oder Armut betroffen sind, Nahrungsmittel und Unterk\u00fcnfte zur Verf\u00fcgung. Sie bieten Bed\u00fcrftigen \u00fcber bestehende Netzwerke engagierter medizinischer Fachkr\u00e4fte Gesundheitsdienste an. Sie konzipieren ihre Projekte der humanit\u00e4ren Hilfe und der sozialen Verantwortung in einer sich selbst tragenden Weise. Sie organisieren und unterst\u00fctzen nachhaltige Entwicklungsprojekte.<\/p>\n\n\n\n<p><strong>5.&nbsp;Kunst&nbsp;und&nbsp;Kultur<\/strong>&nbsp;<\/p>\n\n\n\n<p>Als universelle Sprache f\u00f6rdern Kunst und Kultur Kommunikation, Frieden und Harmonie sowohl innerhalb als auch zwischen Gemeinschaften. Sie tragen auch zur Entwicklung und zum Ausdruck der pers\u00f6nlichen Talente und F\u00e4higkeiten bei. Daher organisieren und unterst\u00fctzen Hizmet-Engagierte Aktivit\u00e4ten wie Kunstkurse, Kunstauff\u00fchrungen sowie Sprach- und Kulturfestivals.<\/p>\n\n\n\n<p><strong>6.&nbsp;Ver\u00f6ffentlichungen<\/strong>&nbsp;<\/p>\n\n\n\n<p>Hizmet-Engagierte publizieren Zeitschriften, Magazine und B\u00fccher zur F\u00f6rderung und Verbreitung universeller menschlicher Werte wie gesellschaftlicher Frieden, Einklang von Herz und Verstand sowie Umweltbewusstsein.<\/p>\n","protected":false},"excerpt":{"rendered":"<p>1.&nbsp;Bildung&nbsp; F\u00fcr Hizmet-Engagierte ist Bildung ein Weg zu gesellschaftlicher Entwicklung, Frieden, Chancengleichheit und sozialer Gerechtigkeit.&nbsp; Im Hinblick auf diese Ziele gr\u00fcnden die Engagierten Schulen, Universit\u00e4ten, Nachhilfezentren, Studentenwohnheime und organisieren Kurse, Seminare, Wochenendschulen, au\u00dferschulische Programme sowie andere bildungsorientierte Initiativen. Die Bildungsprogramme richten sich nach den Lehrpl\u00e4nen des Landes, in dem sie [&hellip;]<\/p>\n","protected":false},"author":1,"featured_media":0,"parent":0,"menu_order":0,"comment_status":"closed","ping_status":"closed","template":"","meta":{"footnotes":""},"class_list":["post-2312","page","type-page","status-publish","hentry"],"aioseo_notices":[],"_links":{"self":[{"href":"https:\/\/hizmet.ch\/index.php\/wp-json\/wp\/v2\/pages\/2312","targetHints":{"allow":["GET"]}}],"collection":[{"href":"https:\/\/hizmet.ch\/index.php\/wp-json\/wp\/v2\/pages"}],"about":[{"href":"https:\/\/hizmet.ch\/index.php\/wp-json\/wp\/v2\/types\/page"}],"author":[{"embeddable":true,"href":"https:\/\/hizmet.ch\/index.php\/wp-json\/wp\/v2\/users\/1"}],"replies":[{"embeddable":true,"href":"https:\/\/hizmet.ch\/index.php\/wp-json\/wp\/v2\/comments?post=2312"}],"version-history":[{"count":3,"href":"https:\/\/hizmet.ch\/index.php\/wp-json\/wp\/v2\/pages\/2312\/revisions"}],"predecessor-version":[{"id":2346,"href":"https:\/\/hizmet.ch\/index.php\/wp-json\/wp\/v2\/pages\/2312\/revisions\/2346"}],"wp:attachment":[{"href":"https:\/\/hizmet.ch\/index.php\/wp-json\/wp\/v2\/media?parent=2312"}],"curies":[{"name":"wp","href":"https:\/\/api.w.org\/{rel}","templated":true}]}}