{"id":2308,"date":"2021-12-15T13:39:31","date_gmt":"2021-12-15T11:39:31","guid":{"rendered":"https:\/\/hizmet.ch\/?page_id=2308"},"modified":"2021-12-15T15:15:02","modified_gmt":"2021-12-15T13:15:02","slug":"die-vision-von-hizmet","status":"publish","type":"page","link":"https:\/\/hizmet.ch\/index.php\/die-vision-von-hizmet\/","title":{"rendered":"Die Vision von Hizmet"},"content":{"rendered":"\n<p>Hizmet-Engagierte m\u00f6chten zu einer Gesellschaft beitragen, in der:&nbsp;<\/p>\n\n\n\n<ul class=\"wp-block-list\"><li>jeder Mensch mit W\u00fcrde behandelt und so akzeptiert wird, wie er ist;&nbsp;<\/li><li>die Menschenrechte gesch\u00fctzt und jede Form von Vielfalt, die nicht im Widerspruch zu den grundlegenden Menschenrechten steht, als Reichtum angesehen wird;&nbsp;<\/li><li>die Menschen sensibel f\u00fcr die Herausforderungen der Menschheit sind;&nbsp;<\/li><li>Menschen unterschiedlicher Religionen, Kulturen und Weltanschauungen in einen Dialog miteinander treten und f\u00fcreinander Empathie entwickeln;&nbsp;<\/li><li>Austausch und Zusammenarbeit gesch\u00e4tzt werden; und&nbsp;<\/li><li>die Menschen in Frieden und Harmonie leben.&nbsp;<\/li><\/ul>\n","protected":false},"excerpt":{"rendered":"<p>Hizmet-Engagierte m\u00f6chten zu einer Gesellschaft beitragen, in der:&nbsp; jeder Mensch mit W\u00fcrde behandelt und so akzeptiert wird, wie er ist;&nbsp; die Menschenrechte gesch\u00fctzt und jede Form von Vielfalt, die nicht im Widerspruch zu den grundlegenden Menschenrechten steht, als Reichtum angesehen wird;&nbsp; die Menschen sensibel f\u00fcr die Herausforderungen der Menschheit sind;&nbsp; [&hellip;]<\/p>\n","protected":false},"author":1,"featured_media":0,"parent":0,"menu_order":0,"comment_status":"closed","ping_status":"closed","template":"","meta":{"footnotes":""},"class_list":["post-2308","page","type-page","status-publish","hentry"],"aioseo_notices":[],"_links":{"self":[{"href":"https:\/\/hizmet.ch\/index.php\/wp-json\/wp\/v2\/pages\/2308","targetHints":{"allow":["GET"]}}],"collection":[{"href":"https:\/\/hizmet.ch\/index.php\/wp-json\/wp\/v2\/pages"}],"about":[{"href":"https:\/\/hizmet.ch\/index.php\/wp-json\/wp\/v2\/types\/page"}],"author":[{"embeddable":true,"href":"https:\/\/hizmet.ch\/index.php\/wp-json\/wp\/v2\/users\/1"}],"replies":[{"embeddable":true,"href":"https:\/\/hizmet.ch\/index.php\/wp-json\/wp\/v2\/comments?post=2308"}],"version-history":[{"count":2,"href":"https:\/\/hizmet.ch\/index.php\/wp-json\/wp\/v2\/pages\/2308\/revisions"}],"predecessor-version":[{"id":2316,"href":"https:\/\/hizmet.ch\/index.php\/wp-json\/wp\/v2\/pages\/2308\/revisions\/2316"}],"wp:attachment":[{"href":"https:\/\/hizmet.ch\/index.php\/wp-json\/wp\/v2\/media?parent=2308"}],"curies":[{"name":"wp","href":"https:\/\/api.w.org\/{rel}","templated":true}]}}