{"id":1751,"date":"2020-07-14T11:20:26","date_gmt":"2020-07-14T11:20:26","guid":{"rendered":"https:\/\/hizmet.ch\/index.php\/stellungnahmen-hizmet-2\/"},"modified":"2021-06-06T17:07:03","modified_gmt":"2021-06-06T15:07:03","slug":"stellungnahmen-hizmet-2","status":"publish","type":"page","link":"https:\/\/hizmet.ch\/index.php\/stellungnahmen-hizmet-2\/?lang=fr","title":{"rendered":"Les articles de presse"},"content":{"rendered":"<p>[vc_row][vc_column][vc_column_text]<\/p>\n<p>C&#8217;est ici que sont publi\u00e9s les rapports ou articles de presse sur les organisations membres et leurs \u00e9v\u00e9nements ainsi que sur les membres du Hizmet en Suisse.\n<\/p>\n<div id=\"gtx-trans\" style=\"position: absolute; left: 155px; top: 90px;\">\n<div class=\"gtx-trans-icon\"><\/div>\n<\/div>\n<p>[\/vc_column_text][\/vc_column][\/vc_row][vc_row][vc_column][vc_masonry_grid post_type=&#8220;post&#8220; max_items=&#8220;10&#8243; element_width=&#8220;12&#8243; gap=&#8220;35&#8243; item=&#8220;basicGrid_FadeInWithSideContent&#8220; initial_loading_animation=&#8220;none&#8220; grid_id=&#8220;vc_gid:1595280188498-447315e42bc2957d9f7fac055fc4f5c2-8&#8243; taxonomies=&#8220;20&#8243;][\/vc_column][\/vc_row]<\/p>\n","protected":false},"excerpt":{"rendered":"<p>[vc_row][vc_column][vc_column_text] C&#8217;est ici que sont publi\u00e9s les rapports ou articles de presse sur les organisations membres et leurs \u00e9v\u00e9nements ainsi que sur les membres du Hizmet en Suisse. [\/vc_column_text][\/vc_column][\/vc_row][vc_row][vc_column][vc_masonry_grid post_type=&#8220;post&#8220; max_items=&#8220;10&#8243; element_width=&#8220;12&#8243; gap=&#8220;35&#8243; item=&#8220;basicGrid_FadeInWithSideContent&#8220; initial_loading_animation=&#8220;none&#8220; grid_id=&#8220;vc_gid:1595280188498-447315e42bc2957d9f7fac055fc4f5c2-8&#8243; taxonomies=&#8220;20&#8243;][\/vc_column][\/vc_row]<\/p>\n","protected":false},"author":1,"featured_media":0,"parent":0,"menu_order":0,"comment_status":"closed","ping_status":"closed","template":"","meta":{"footnotes":""},"class_list":["post-1751","page","type-page","status-publish","hentry"],"aioseo_notices":[],"_links":{"self":[{"href":"https:\/\/hizmet.ch\/index.php\/wp-json\/wp\/v2\/pages\/1751","targetHints":{"allow":["GET"]}}],"collection":[{"href":"https:\/\/hizmet.ch\/index.php\/wp-json\/wp\/v2\/pages"}],"about":[{"href":"https:\/\/hizmet.ch\/index.php\/wp-json\/wp\/v2\/types\/page"}],"author":[{"embeddable":true,"href":"https:\/\/hizmet.ch\/index.php\/wp-json\/wp\/v2\/users\/1"}],"replies":[{"embeddable":true,"href":"https:\/\/hizmet.ch\/index.php\/wp-json\/wp\/v2\/comments?post=1751"}],"version-history":[{"count":9,"href":"https:\/\/hizmet.ch\/index.php\/wp-json\/wp\/v2\/pages\/1751\/revisions"}],"predecessor-version":[{"id":2172,"href":"https:\/\/hizmet.ch\/index.php\/wp-json\/wp\/v2\/pages\/1751\/revisions\/2172"}],"wp:attachment":[{"href":"https:\/\/hizmet.ch\/index.php\/wp-json\/wp\/v2\/media?parent=1751"}],"curies":[{"name":"wp","href":"https:\/\/api.w.org\/{rel}","templated":true}]}}