{"id":1747,"date":"2020-07-14T11:26:21","date_gmt":"2020-07-14T11:26:21","guid":{"rendered":"https:\/\/hizmet.ch\/index.php\/presseartikel-2\/"},"modified":"2021-06-06T16:54:12","modified_gmt":"2021-06-06T14:54:12","slug":"presseartikel-2","status":"publish","type":"page","link":"https:\/\/hizmet.ch\/index.php\/presseartikel-2\/?lang=fr","title":{"rendered":"La presse"},"content":{"rendered":"<p>[vc_row][vc_column][vc_column_text]<\/p>\n<p>Les prises de position du mouvement Hizmet sur les \u00e9v\u00e9nements actuels en Suisse, qui s\u2019av\u00e8rent pertinents pour la soci\u00e9t\u00e9 ou pour les journ\u00e9es ou veill\u00e9es religieuses et culturelles, sont publi\u00e9es.\n<\/p>\n<p>[\/vc_column_text][\/vc_column][\/vc_row][vc_row][vc_column][vc_masonry_grid post_type=&#8220;post&#8220; max_items=&#8220;10&#8243; element_width=&#8220;12&#8243; gap=&#8220;35&#8243; item=&#8220;basicGrid_FadeInWithSideContent&#8220; initial_loading_animation=&#8220;none&#8220; grid_id=&#8220;vc_gid:1595280234536-ae3d8a4c27c118211fdf07517f269df0-0&#8243; taxonomies=&#8220;19&#8243;][\/vc_column][\/vc_row]<\/p>\n","protected":false},"excerpt":{"rendered":"<p>[vc_row][vc_column][vc_column_text] Les prises de position du mouvement Hizmet sur les \u00e9v\u00e9nements actuels en Suisse, qui s\u2019av\u00e8rent pertinents pour la soci\u00e9t\u00e9 ou pour les journ\u00e9es ou veill\u00e9es religieuses et culturelles, sont publi\u00e9es. [\/vc_column_text][\/vc_column][\/vc_row][vc_row][vc_column][vc_masonry_grid post_type=&#8220;post&#8220; max_items=&#8220;10&#8243; element_width=&#8220;12&#8243; gap=&#8220;35&#8243; item=&#8220;basicGrid_FadeInWithSideContent&#8220; initial_loading_animation=&#8220;none&#8220; grid_id=&#8220;vc_gid:1595280234536-ae3d8a4c27c118211fdf07517f269df0-0&#8243; taxonomies=&#8220;19&#8243;][\/vc_column][\/vc_row]<\/p>\n","protected":false},"author":1,"featured_media":0,"parent":0,"menu_order":0,"comment_status":"closed","ping_status":"closed","template":"","meta":{"footnotes":""},"class_list":["post-1747","page","type-page","status-publish","hentry"],"aioseo_notices":[],"_links":{"self":[{"href":"https:\/\/hizmet.ch\/index.php\/wp-json\/wp\/v2\/pages\/1747","targetHints":{"allow":["GET"]}}],"collection":[{"href":"https:\/\/hizmet.ch\/index.php\/wp-json\/wp\/v2\/pages"}],"about":[{"href":"https:\/\/hizmet.ch\/index.php\/wp-json\/wp\/v2\/types\/page"}],"author":[{"embeddable":true,"href":"https:\/\/hizmet.ch\/index.php\/wp-json\/wp\/v2\/users\/1"}],"replies":[{"embeddable":true,"href":"https:\/\/hizmet.ch\/index.php\/wp-json\/wp\/v2\/comments?post=1747"}],"version-history":[{"count":13,"href":"https:\/\/hizmet.ch\/index.php\/wp-json\/wp\/v2\/pages\/1747\/revisions"}],"predecessor-version":[{"id":2166,"href":"https:\/\/hizmet.ch\/index.php\/wp-json\/wp\/v2\/pages\/1747\/revisions\/2166"}],"wp:attachment":[{"href":"https:\/\/hizmet.ch\/index.php\/wp-json\/wp\/v2\/media?parent=1747"}],"curies":[{"name":"wp","href":"https:\/\/api.w.org\/{rel}","templated":true}]}}