{"id":1744,"date":"2020-06-23T17:07:56","date_gmt":"2020-06-23T17:07:56","guid":{"rendered":"https:\/\/hizmet.ch\/index.php\/lesezirkel-sohbet\/"},"modified":"2020-12-29T00:58:00","modified_gmt":"2020-12-28T22:58:00","slug":"lesezirkel-sohbet","status":"publish","type":"page","link":"https:\/\/hizmet.ch\/index.php\/lesezirkel-sohbet\/?lang=fr","title":{"rendered":"Cercle de lecture Sohbet"},"content":{"rendered":"<p>[vc_row][vc_column][vc_column_text]<\/p>\n<p>Les Sohbets traditionnels de la culture anatolienne sont sur la liste du patrimoine mondial de l&#8217;UNESCO.<\/p>\n<p>(https:\/\/ich.unesco.org\/en\/RL\/traditional-sohbet-meetings-00385)<\/p>\n<p>&nbsp;<\/p>\n<p>Dans ces cercles de lecture, les musulmans traitent de leur propre foi et interpr\u00e8tent le Coran de mani\u00e8re contemporaine. Chez les Sohbets, ce type de r\u00e9flexion est encourag\u00e9. Lors de ces r\u00e9unions, on lit g\u00e9n\u00e9ralement les travaux d&#8217;\u00e9rudits islamiques connus. La nature de la lecture n&#8217;est en aucun cas unilat\u00e9rale : les dirigeants organisent ces \u00e9v\u00e9nements de mani\u00e8re interactive et encouragent les participants \u00e0 r\u00e9fl\u00e9chir. Ils sont au service du d\u00e9veloppement religieux et social. Les Sohbets abordent des sujets d&#8217;actualit\u00e9 et de soci\u00e9t\u00e9. Ils sont g\u00e9n\u00e9ralement dirig\u00e9s par des personnes qui ont l&#8217;exp\u00e9rience des id\u00e9es et des valeurs du mouvement Hizmet.<\/p>\n<p>[\/vc_column_text][\/vc_column][\/vc_row]<\/p>\n","protected":false},"excerpt":{"rendered":"<p>[vc_row][vc_column][vc_column_text] Les Sohbets traditionnels de la culture anatolienne sont sur la liste du patrimoine mondial de l&#8217;UNESCO. (https:\/\/ich.unesco.org\/en\/RL\/traditional-sohbet-meetings-00385) &nbsp; Dans ces cercles de lecture, les musulmans traitent de leur propre foi et interpr\u00e8tent le Coran de mani\u00e8re contemporaine. Chez les Sohbets, ce type de r\u00e9flexion est encourag\u00e9. Lors de ces [&hellip;]<\/p>\n","protected":false},"author":1,"featured_media":0,"parent":0,"menu_order":0,"comment_status":"closed","ping_status":"closed","template":"","meta":{"footnotes":""},"class_list":["post-1744","page","type-page","status-publish","hentry"],"aioseo_notices":[],"_links":{"self":[{"href":"https:\/\/hizmet.ch\/index.php\/wp-json\/wp\/v2\/pages\/1744","targetHints":{"allow":["GET"]}}],"collection":[{"href":"https:\/\/hizmet.ch\/index.php\/wp-json\/wp\/v2\/pages"}],"about":[{"href":"https:\/\/hizmet.ch\/index.php\/wp-json\/wp\/v2\/types\/page"}],"author":[{"embeddable":true,"href":"https:\/\/hizmet.ch\/index.php\/wp-json\/wp\/v2\/users\/1"}],"replies":[{"embeddable":true,"href":"https:\/\/hizmet.ch\/index.php\/wp-json\/wp\/v2\/comments?post=1744"}],"version-history":[{"count":4,"href":"https:\/\/hizmet.ch\/index.php\/wp-json\/wp\/v2\/pages\/1744\/revisions"}],"predecessor-version":[{"id":1878,"href":"https:\/\/hizmet.ch\/index.php\/wp-json\/wp\/v2\/pages\/1744\/revisions\/1878"}],"wp:attachment":[{"href":"https:\/\/hizmet.ch\/index.php\/wp-json\/wp\/v2\/media?parent=1744"}],"curies":[{"name":"wp","href":"https:\/\/api.w.org\/{rel}","templated":true}]}}