{"id":1740,"date":"2020-06-23T10:43:29","date_gmt":"2020-06-23T10:43:29","guid":{"rendered":"https:\/\/hizmet.ch\/index.php\/interreligioser-dialog\/"},"modified":"2020-12-29T00:58:40","modified_gmt":"2020-12-28T22:58:40","slug":"interreligioser-dialog","status":"publish","type":"page","link":"https:\/\/hizmet.ch\/index.php\/interreligioser-dialog\/?lang=fr","title":{"rendered":"Le dialogue interreligieux"},"content":{"rendered":"<p>[vc_row][vc_column][vc_column_text]<\/p>\n<p><strong><\/strong><\/p>\n<p>Le Mouvement Hizmet Suisse s&#8217;engage pour le dialogue, la reconnaissance, le respect et l&#8217;appr\u00e9ciation. En cons\u00e9quence, la Commission pour le dialogue interreligieux encourage la coexistence pacifique entre les membres de diff\u00e9rentes religions, groupes ethniques et visions du monde. La Commission offre une plate-forme \u00e0 tous ceux qui sont int\u00e9ress\u00e9s par le dialogue et promeut une meilleure compr\u00e9hension de l&#8217;Islam et des autres religions, et s&#8217;oppose \u00e0 l&#8217;instrumentalisation et \u00e0 l&#8217;abus de la religion. Pour ce faire, elle coop\u00e8re avec de nombreux partenaires ayant des visions du monde diff\u00e9rentes.<\/p>\n<p>Ce que nous faisons concr\u00e8tement :<\/p>\n<p>&#8211; Nous transmettons des connaissances sur les \u00e9trangers afin de r\u00e9duire les pr\u00e9jug\u00e9s.<\/p>\n<p>&#8211; Nous cr\u00e9ons des espaces pour que les gens apprennent \u00e0 se conna\u00eetre.<\/p>\n<p>&#8211; Nous \u00e9laborons des propositions pour la r\u00e9solution des conflits.<\/p>\n<p>&#8211; Nous encourageons les comp\u00e9tences interreligieuses et interculturelles.<\/p>\n<p>&#8211; Nous sommes actifs dans le dialogue interreligieux et interculturel.<\/p>\n<p>[\/vc_column_text][\/vc_column][\/vc_row]<\/p>\n","protected":false},"excerpt":{"rendered":"<p>[vc_row][vc_column][vc_column_text] Le Mouvement Hizmet Suisse s&#8217;engage pour le dialogue, la reconnaissance, le respect et l&#8217;appr\u00e9ciation. En cons\u00e9quence, la Commission pour le dialogue interreligieux encourage la coexistence pacifique entre les membres de diff\u00e9rentes religions, groupes ethniques et visions du monde. La Commission offre une plate-forme \u00e0 tous ceux qui sont int\u00e9ress\u00e9s [&hellip;]<\/p>\n","protected":false},"author":1,"featured_media":0,"parent":0,"menu_order":0,"comment_status":"closed","ping_status":"closed","template":"","meta":{"footnotes":""},"class_list":["post-1740","page","type-page","status-publish","hentry"],"aioseo_notices":[],"_links":{"self":[{"href":"https:\/\/hizmet.ch\/index.php\/wp-json\/wp\/v2\/pages\/1740","targetHints":{"allow":["GET"]}}],"collection":[{"href":"https:\/\/hizmet.ch\/index.php\/wp-json\/wp\/v2\/pages"}],"about":[{"href":"https:\/\/hizmet.ch\/index.php\/wp-json\/wp\/v2\/types\/page"}],"author":[{"embeddable":true,"href":"https:\/\/hizmet.ch\/index.php\/wp-json\/wp\/v2\/users\/1"}],"replies":[{"embeddable":true,"href":"https:\/\/hizmet.ch\/index.php\/wp-json\/wp\/v2\/comments?post=1740"}],"version-history":[{"count":5,"href":"https:\/\/hizmet.ch\/index.php\/wp-json\/wp\/v2\/pages\/1740\/revisions"}],"predecessor-version":[{"id":1879,"href":"https:\/\/hizmet.ch\/index.php\/wp-json\/wp\/v2\/pages\/1740\/revisions\/1879"}],"wp:attachment":[{"href":"https:\/\/hizmet.ch\/index.php\/wp-json\/wp\/v2\/media?parent=1740"}],"curies":[{"name":"wp","href":"https:\/\/api.w.org\/{rel}","templated":true}]}}