{"id":1738,"date":"2020-06-23T17:05:23","date_gmt":"2020-06-23T17:05:23","guid":{"rendered":"https:\/\/hizmet.ch\/index.php\/hizmet-bewegung\/"},"modified":"2020-12-29T00:57:30","modified_gmt":"2020-12-28T22:57:30","slug":"hizmet-bewegung","status":"publish","type":"page","link":"https:\/\/hizmet.ch\/index.php\/hizmet-bewegung\/?lang=fr","title":{"rendered":"Le mouvement Hizmet"},"content":{"rendered":"<p>[vc_row][vc_column][vc_column_text]<\/p>\n<p>Le terme &#8222;Hizmet&#8220; ou service, traduit du turc, fait r\u00e9f\u00e9rence \u00e0 une communaut\u00e9 ouverte et active au niveau mondial qui s&#8217;engage socialement au profit des personnes et de la soci\u00e9t\u00e9. Ainsi, ces personnes assument des responsabilit\u00e9s et apportent une contribution \u00e0 la soci\u00e9t\u00e9 en lan\u00e7ant des projets et des initiatives dans les domaines du dialogue, de l&#8217;\u00e9ducation, de l&#8217;aide humanitaire, des affaires et des m\u00e9dias ou en coop\u00e9rant avec d&#8217;autres partenaires dans ces domaines. Une grande partie des personnes actives au sein de &#8222;Hizmet&#8220; trouvent leur motivation dans les id\u00e9es de Fethullah G\u00fclen, un \u00e9rudit islamique d&#8217;origine turque, qui consid\u00e8re la spiritualit\u00e9 avant tout comme un service aux personnes et s&#8217;engage \u00e0 r\u00e9concilier l&#8217;Islam, la d\u00e9mocratie et la science.<\/p>\n<p>Ainsi, les origines du mouvement Hizmet peuvent \u00eatre situ\u00e9es comme une forme particuli\u00e8re d&#8217;engagement social en Turquie dans les ann\u00e9es 1970. \u00c0 la suite du coup d&#8217;\u00c9tat militaire de 1971, la Turquie de l&#8217;\u00e9poque \u00e9tait marqu\u00e9e par l&#8217;oppression contre les opinions, les mod\u00e8les de vie et les religions qui s&#8217;\u00e9cartaient de la doctrine officielle de l&#8217;\u00c9tat. Par cons\u00e9quent, il n&#8217;y avait pas de m\u00e9dias libres et ind\u00e9pendants. Dans les zones rurales de la Turquie, mais pas seulement, le niveau de vie de la population \u00e9tait tr\u00e8s bas et il y avait un manque d&#8217;infrastructures \u00e9ducatives et de soins m\u00e9dicaux de base. Dans ce contexte \u00e9conomique et sociopolitique, Hizmet a commenc\u00e9\/fait ses d\u00e9buts en tant que jeune mouvement social de tr\u00e8s petite taille qui, gr\u00e2ce \u00e0 l&#8217;engagement de personnes individuelles sur le terrain, a principalement essay\u00e9 de combler les lacunes en mati\u00e8re d&#8217;\u00e9ducation afin de rendre possible une vie meilleure pour tous. Ainsi, tout d&#8217;abord en Turquie &#8211; et \u00e0 partir des ann\u00e9es 1990 \u00e9galement dans le monde entier (par exemple aux \u00c9tats-Unis, en Europe, en Asie centrale et en Afrique) &#8211; des \u00e9coles, des universit\u00e9s et, si n\u00e9cessaire, des associations de dialogue, des h\u00f4pitaux et des organisations d&#8217;aide, des associations d&#8217;entreprises et des maisons de presse ont \u00e9t\u00e9 cr\u00e9\u00e9s.<\/p>\n<p>Avec les premiers immigrants, l&#8217;id\u00e9e du &#8222;Hizmet&#8220;, l\u2019engagement\/le volontariat pour le bien de la population est arriv\u00e9e en Europe.<\/p>\n<p>Les principes suivants ont toujours \u00e9t\u00e9 au c\u0153ur de cet engagement :<\/p>\n<p>Le volontariat au profit d&#8217;une soci\u00e9t\u00e9 fond\u00e9e sur la solidarit\u00e9 et la charit\u00e9<\/p>\n<p>La promotion de l&#8217;\u00e9ducation comme moyen d&#8217;\u00e9panouissement personnel et de d\u00e9veloppement d&#8217;un niveau de vie ad\u00e9quat<\/p>\n<p>L&#8217;engagement en faveur du dialogue interculturel et interreligieux pour une coexistence pacifique et communautaire.<\/p>\n<p>Hizmet est ouvert \u00e0 tous, quelle que soit leur religion.<\/p>\n<p>[\/vc_column_text][\/vc_column][\/vc_row]<\/p>\n","protected":false},"excerpt":{"rendered":"<p>[vc_row][vc_column][vc_column_text] Le terme &#8222;Hizmet&#8220; ou service, traduit du turc, fait r\u00e9f\u00e9rence \u00e0 une communaut\u00e9 ouverte et active au niveau mondial qui s&#8217;engage socialement au profit des personnes et de la soci\u00e9t\u00e9. Ainsi, ces personnes assument des responsabilit\u00e9s et apportent une contribution \u00e0 la soci\u00e9t\u00e9 en lan\u00e7ant des projets et des [&hellip;]<\/p>\n","protected":false},"author":1,"featured_media":0,"parent":0,"menu_order":0,"comment_status":"closed","ping_status":"closed","template":"","meta":{"footnotes":""},"class_list":["post-1738","page","type-page","status-publish","hentry"],"aioseo_notices":[],"_links":{"self":[{"href":"https:\/\/hizmet.ch\/index.php\/wp-json\/wp\/v2\/pages\/1738","targetHints":{"allow":["GET"]}}],"collection":[{"href":"https:\/\/hizmet.ch\/index.php\/wp-json\/wp\/v2\/pages"}],"about":[{"href":"https:\/\/hizmet.ch\/index.php\/wp-json\/wp\/v2\/types\/page"}],"author":[{"embeddable":true,"href":"https:\/\/hizmet.ch\/index.php\/wp-json\/wp\/v2\/users\/1"}],"replies":[{"embeddable":true,"href":"https:\/\/hizmet.ch\/index.php\/wp-json\/wp\/v2\/comments?post=1738"}],"version-history":[{"count":3,"href":"https:\/\/hizmet.ch\/index.php\/wp-json\/wp\/v2\/pages\/1738\/revisions"}],"predecessor-version":[{"id":1877,"href":"https:\/\/hizmet.ch\/index.php\/wp-json\/wp\/v2\/pages\/1738\/revisions\/1877"}],"wp:attachment":[{"href":"https:\/\/hizmet.ch\/index.php\/wp-json\/wp\/v2\/media?parent=1738"}],"curies":[{"name":"wp","href":"https:\/\/api.w.org\/{rel}","templated":true}]}}