{"id":1735,"date":"2020-06-23T17:04:44","date_gmt":"2020-06-23T17:04:44","guid":{"rendered":"https:\/\/hizmet.ch\/index.php\/fethullah-gulen\/"},"modified":"2020-12-29T00:56:52","modified_gmt":"2020-12-28T22:56:52","slug":"fethullah-gulen","status":"publish","type":"page","link":"https:\/\/hizmet.ch\/index.php\/fethullah-gulen\/?lang=fr","title":{"rendered":"Fethullah G\u00fclen"},"content":{"rendered":"<p>[vc_row][vc_column][vc_column_text]<\/p>\n<p><strong><\/strong><\/p>\n<p><strong><img loading=\"lazy\" decoding=\"async\" src=\"https:\/\/hizmet.ch\/wp-content\/uploads\/2020\/07\/WhatsApp-Image-2020-07-22-at-00.08.03-e1595502957754.jpeg\" alt=\"\" width=\"262\" height=\"211\" class=\"wp-image-1601 alignleft\" srcset=\"https:\/\/hizmet.ch\/wp-content\/uploads\/2020\/07\/WhatsApp-Image-2020-07-22-at-00.08.03-e1595502957754.jpeg 614w, https:\/\/hizmet.ch\/wp-content\/uploads\/2020\/07\/WhatsApp-Image-2020-07-22-at-00.08.03-e1595502957754-300x241.jpeg 300w\" sizes=\"auto, (max-width: 262px) 100vw, 262px\" \/><\/strong><\/p>\n<p>Fethullah G\u00fclen est un \u00e9rudit, penseur, auteur et po\u00e8te islamique d&#8217;origine turque. Il est n\u00e9 en 1941 \u00e0 Erzurum, dans l&#8217;est de la Turquie. Apr\u00e8s une \u00e9ducation de base dans une \u00e9cole publique, il a re\u00e7u l&#8217;enseignement de savants et de ma\u00eetres spirituels musulmans renomm\u00e9s. En outre, en tant qu&#8217;autodidacte, il a non seulement men\u00e9 des \u00e9tudes personnelles intensives sur les principes et les th\u00e9ories des sciences sociales et naturelles modernes, mais il a \u00e9galement beaucoup \u00e9tudi\u00e9 la litt\u00e9rature et l&#8217;art occidentaux. Il estime donc que l&#8217;Islam est compatible avec les sciences et les valeurs modernes ainsi qu&#8217;avec la d\u00e9mocratie.<\/p>\n<p>&nbsp;<\/p>\n<p>Apr\u00e8s avoir termin\u00e9 sa formation de pr\u00e9dicateur d&#8217;\u00c9tat avec distinction, il a \u00e9t\u00e9 nomm\u00e9 par l&#8217;autorit\u00e9 religieuse comme pr\u00e9dicateur et directeur d&#8217;un internat \u00e0 Izmir, dans l&#8217;ouest de la Turquie. Dans la p\u00e9riode qui a suivi, G\u00fclen a continu\u00e9 \u00e0 d\u00e9velopper ses enseignements de tol\u00e9rance, de dialogue, d&#8217;engagement social, de responsabilit\u00e9 personnelle et d&#8217;\u00e9ducation dans d&#8217;innombrables sermons publics comme la cl\u00e9 du d\u00e9veloppement personnel, qui ont inspir\u00e9 de plus en plus de personnes.<\/p>\n<p>&nbsp;<\/p>\n<p>Depuis 1999, Fethullah G\u00fclen vit en isolement aux \u00c9tats-Unis d&#8217;Am\u00e9rique, dans l&#8217;\u00c9tat de Pennsylvanie. Il y \u00e9tait all\u00e9 pour le traitement de probl\u00e8mes de sant\u00e9. Peu apr\u00e8s son d\u00e9part, une proc\u00e9dure judiciaire a \u00e9t\u00e9 engag\u00e9e contre lui en Turquie et malgr\u00e9 son acquittement unanime en 2006, il vit en exil aux \u00c9tats-Unis.<\/p>\n<p>&nbsp;<\/p>\n<p>Depuis le scandale de corruption en Turquie fin 2013, dans lequel plusieurs membres du gouvernement ont \u00e9t\u00e9 impliqu\u00e9s, Fethullah G\u00fclen et ses sympathisants sont devenus une cible du gouvernement. On leur reproche \u00e0 la fois la d\u00e9couverte du scandale de la corruption et la tentative de coup d&#8217;\u00c9tat rat\u00e9e de juillet 2016, bien qu&#8217;aucune preuve de ces accusations n&#8217;ait \u00e9t\u00e9 trouv\u00e9e \u00e0 ce jour. Depuis lors, une v\u00e9ritable chasse aux sorci\u00e8res a eu lieu contre tous ceux qui sont en d\u00e9saccord avec le gouvernement et qui le critiquent, en particulier contre Fethullah G\u00fclen et ses sympathisants.<\/p>\n<p>&nbsp;<\/p>\n<p>Depuis des d\u00e9cennies, les id\u00e9es de Fethullah G\u00fclen et toute sa vie sont sous les feux de la rampe. Lui et ses enseignements sont d&#8217;importantes sources d&#8217;inspiration pour beaucoup de gens. En fin de compte, l&#8217;engagement a lieu sur place et chaque personne impliqu\u00e9e d\u00e9cide elle-m\u00eame de la mani\u00e8re dont elle veut apporter sa contribution.<\/p>\n<p><strong><\/strong><!-- \/wp:post-content --><\/p>\n<p>[\/vc_column_text][\/vc_column][\/vc_row]<\/p>\n","protected":false},"excerpt":{"rendered":"<p>[vc_row][vc_column][vc_column_text] Fethullah G\u00fclen est un \u00e9rudit, penseur, auteur et po\u00e8te islamique d&#8217;origine turque. Il est n\u00e9 en 1941 \u00e0 Erzurum, dans l&#8217;est de la Turquie. Apr\u00e8s une \u00e9ducation de base dans une \u00e9cole publique, il a re\u00e7u l&#8217;enseignement de savants et de ma\u00eetres spirituels musulmans renomm\u00e9s. En outre, en tant [&hellip;]<\/p>\n","protected":false},"author":1,"featured_media":0,"parent":0,"menu_order":0,"comment_status":"closed","ping_status":"closed","template":"","meta":{"footnotes":""},"class_list":["post-1735","page","type-page","status-publish","hentry"],"aioseo_notices":[],"_links":{"self":[{"href":"https:\/\/hizmet.ch\/index.php\/wp-json\/wp\/v2\/pages\/1735","targetHints":{"allow":["GET"]}}],"collection":[{"href":"https:\/\/hizmet.ch\/index.php\/wp-json\/wp\/v2\/pages"}],"about":[{"href":"https:\/\/hizmet.ch\/index.php\/wp-json\/wp\/v2\/types\/page"}],"author":[{"embeddable":true,"href":"https:\/\/hizmet.ch\/index.php\/wp-json\/wp\/v2\/users\/1"}],"replies":[{"embeddable":true,"href":"https:\/\/hizmet.ch\/index.php\/wp-json\/wp\/v2\/comments?post=1735"}],"version-history":[{"count":3,"href":"https:\/\/hizmet.ch\/index.php\/wp-json\/wp\/v2\/pages\/1735\/revisions"}],"predecessor-version":[{"id":1876,"href":"https:\/\/hizmet.ch\/index.php\/wp-json\/wp\/v2\/pages\/1735\/revisions\/1876"}],"wp:attachment":[{"href":"https:\/\/hizmet.ch\/index.php\/wp-json\/wp\/v2\/media?parent=1735"}],"curies":[{"name":"wp","href":"https:\/\/api.w.org\/{rel}","templated":true}]}}