{"id":1700,"date":"2020-06-23T10:49:07","date_gmt":"2020-06-23T10:49:07","guid":{"rendered":"https:\/\/hizmet.ch\/index.php\/koordinationsstelle\/"},"modified":"2020-12-29T00:54:46","modified_gmt":"2020-12-28T22:54:46","slug":"koordinationsstelle","status":"publish","type":"page","link":"https:\/\/hizmet.ch\/index.php\/koordinationsstelle\/?lang=fr","title":{"rendered":"Unit\u00e9 de coordination"},"content":{"rendered":"<p>[vc_row][vc_column][vc_column_text]<\/p>\n<p><strong>Le Mouvement Hizmet Suisse<\/strong> est un r\u00e9seau d\u2019organisations de la soci\u00e9t\u00e9 civile et n\u2019a pas de personnalit\u00e9 juridique propre ni de conseil d\u2019administration. L\u2019 Unit\u00e9 de coordination s\u2019efforce d\u2019entretenir les relations entre les organisations Hizmet, de cr\u00e9er des synergies entre elles, de mettre en place une plate-forme pour leurs activit\u00e9s communes, de d\u00e9fendre leurs int\u00e9r\u00eats et d\u2019\u00e9tablir une solidarit\u00e9 entre elles. <strong>L\u2019Unit\u00e9 de coordination<\/strong> repr\u00e9sente les int\u00e9r\u00eats des organisations Hizmet \u00e0 l\u2019ext\u00e9rieur et aide les m\u00e9dias \u00e0 prendre contact avec les organisations membres.<\/p>\n<p><strong>L\u2019Unit\u00e9 de coordination<\/strong> est compos\u00e9e des pr\u00e9sidents des organisations membres et du chef du comit\u00e9 consultatif. Les chefs de commission sont invit\u00e9s \u00e0 participer aux r\u00e9unions mensuelles de l\u2019Unit\u00e9 de coordination.<\/p>\n\n<p>&nbsp;<\/p>\n<div id=\"gtx-trans\" style=\"position: absolute; left: 346px; top: 179.667px;\">\n<div class=\"gtx-trans-icon\"><\/div>\n<\/div>\n<p>[\/vc_column_text][\/vc_column][\/vc_row]<\/p>\n<!-- \/wp:post-content -->","protected":false},"excerpt":{"rendered":"<p>[vc_row][vc_column][vc_column_text] Le Mouvement Hizmet Suisse est un r\u00e9seau d\u2019organisations de la soci\u00e9t\u00e9 civile et n\u2019a pas de personnalit\u00e9 juridique propre ni de conseil d\u2019administration. L\u2019 Unit\u00e9 de coordination s\u2019efforce d\u2019entretenir les relations entre les organisations Hizmet, de cr\u00e9er des synergies entre elles, de mettre en place une plate-forme pour leurs [&hellip;]<\/p>\n","protected":false},"author":1,"featured_media":0,"parent":0,"menu_order":0,"comment_status":"closed","ping_status":"closed","template":"","meta":{"footnotes":""},"class_list":["post-1700","page","type-page","status-publish","hentry"],"aioseo_notices":[],"_links":{"self":[{"href":"https:\/\/hizmet.ch\/index.php\/wp-json\/wp\/v2\/pages\/1700","targetHints":{"allow":["GET"]}}],"collection":[{"href":"https:\/\/hizmet.ch\/index.php\/wp-json\/wp\/v2\/pages"}],"about":[{"href":"https:\/\/hizmet.ch\/index.php\/wp-json\/wp\/v2\/types\/page"}],"author":[{"embeddable":true,"href":"https:\/\/hizmet.ch\/index.php\/wp-json\/wp\/v2\/users\/1"}],"replies":[{"embeddable":true,"href":"https:\/\/hizmet.ch\/index.php\/wp-json\/wp\/v2\/comments?post=1700"}],"version-history":[{"count":4,"href":"https:\/\/hizmet.ch\/index.php\/wp-json\/wp\/v2\/pages\/1700\/revisions"}],"predecessor-version":[{"id":1874,"href":"https:\/\/hizmet.ch\/index.php\/wp-json\/wp\/v2\/pages\/1700\/revisions\/1874"}],"wp:attachment":[{"href":"https:\/\/hizmet.ch\/index.php\/wp-json\/wp\/v2\/media?parent=1700"}],"curies":[{"name":"wp","href":"https:\/\/api.w.org\/{rel}","templated":true}]}}