{"id":1699,"date":"2020-06-23T10:48:34","date_gmt":"2020-06-23T10:48:34","guid":{"rendered":"https:\/\/hizmet.ch\/index.php\/was-sind-unsere-ziele\/"},"modified":"2020-12-15T00:31:40","modified_gmt":"2020-12-14T22:31:40","slug":"was-sind-unsere-ziele","status":"publish","type":"page","link":"https:\/\/hizmet.ch\/index.php\/was-sind-unsere-ziele\/?lang=fr","title":{"rendered":"Quels sont nos objectifs ?"},"content":{"rendered":"\n<p>Chaque individu est unique et ne peut qu\u2019apprendre de la diversit\u00e9. La diversit\u00e9 est enrichissante et n\u00e9cessite des \u00e9changes. Il s&#8217;agit avant tout de se rapprocher de ceux qui pensent diff\u00e9remment. Ce rapprochement cr\u00e9e finalement le respect et l&#8217;acceptation de l&#8217;autre. En Suisse, nous vivons en paix avec des gens de plus de 180 pays. Nous sommes tr\u00e8s attach\u00e9s au maintien de cette coexistence pacifique. Nous voulons apporter notre contribution \u00e0 cette paix et nous unir pour lutter de mani\u00e8re constructive, durable et coop\u00e9rative contre les probl\u00e8mes d\u2019hostilit\u00e9, de division, d\u2019ignorance et de pauvret\u00e9.<\/p>\n","protected":false},"excerpt":{"rendered":"<p>Chaque individu est unique et ne peut qu\u2019apprendre de la diversit\u00e9. La diversit\u00e9 est enrichissante et n\u00e9cessite des \u00e9changes. Il s&#8217;agit avant tout de se rapprocher de ceux qui pensent diff\u00e9remment. Ce rapprochement cr\u00e9e finalement le respect et l&#8217;acceptation de l&#8217;autre. En Suisse, nous vivons en paix avec des gens [&hellip;]<\/p>\n","protected":false},"author":1,"featured_media":0,"parent":0,"menu_order":0,"comment_status":"closed","ping_status":"closed","template":"","meta":{"footnotes":""},"class_list":["post-1699","page","type-page","status-publish","hentry"],"aioseo_notices":[],"_links":{"self":[{"href":"https:\/\/hizmet.ch\/index.php\/wp-json\/wp\/v2\/pages\/1699","targetHints":{"allow":["GET"]}}],"collection":[{"href":"https:\/\/hizmet.ch\/index.php\/wp-json\/wp\/v2\/pages"}],"about":[{"href":"https:\/\/hizmet.ch\/index.php\/wp-json\/wp\/v2\/types\/page"}],"author":[{"embeddable":true,"href":"https:\/\/hizmet.ch\/index.php\/wp-json\/wp\/v2\/users\/1"}],"replies":[{"embeddable":true,"href":"https:\/\/hizmet.ch\/index.php\/wp-json\/wp\/v2\/comments?post=1699"}],"version-history":[{"count":1,"href":"https:\/\/hizmet.ch\/index.php\/wp-json\/wp\/v2\/pages\/1699\/revisions"}],"predecessor-version":[{"id":1706,"href":"https:\/\/hizmet.ch\/index.php\/wp-json\/wp\/v2\/pages\/1699\/revisions\/1706"}],"wp:attachment":[{"href":"https:\/\/hizmet.ch\/index.php\/wp-json\/wp\/v2\/media?parent=1699"}],"curies":[{"name":"wp","href":"https:\/\/api.w.org\/{rel}","templated":true}]}}