{"id":1665,"date":"2020-06-23T10:45:45","date_gmt":"2020-06-23T10:45:45","guid":{"rendered":"https:\/\/hizmet.ch\/index.php\/beratungskommission\/"},"modified":"2021-03-26T14:35:23","modified_gmt":"2021-03-26T12:35:23","slug":"beratungskommission","status":"publish","type":"page","link":"https:\/\/hizmet.ch\/index.php\/beratungskommission\/?lang=fr","title":{"rendered":"Commission consultative"},"content":{"rendered":"<p>[vc_row][vc_column][vc_column_text]<a href=\"https:\/\/trello.com\/c\/4y7zZikd\/89-thhatipoglugmailcom-hizmetch-yap%C4%B1lacaklar-katalo%C4%9Fu-versiyon-30\"><\/a><\/p>\n<p>La Commission consultative a \u00e9t\u00e9 fond\u00e9e par le Mouvement Hizmet Suisse en 2019 et elle est compos\u00e9e de personnes ayant des ant\u00e9c\u00e9dents professionnels diff\u00e9rents. Elle a \u00e9t\u00e9 cr\u00e9\u00e9e pour deux raisons :<\/p>\n<ul class=\"wp-block-list\">\n<li style=\"font-weight: 400;\" aria-level=\"1\">Elle effectue un travail de m\u00e9diation entre les personnes et les organisations au sein du Mouvement Hizmet Suisse<\/li>\n<li style=\"font-weight: 400;\" aria-level=\"1\">Elle soutient des projets r\u00e9alis\u00e9s dans toute la Suisse, notamment dans les domaines du financement et du budget.<\/li>\n<\/ul>\n<div id=\"gtx-trans\" style=\"position: absolute; left: 562.667px; top: 276px;\">\n<div class=\"gtx-trans-icon\"><\/div>\n<\/div>\n<p>[\/vc_column_text][\/vc_column][\/vc_row][vc_row][vc_column][vc_column_text]Nous vous prions de bien vouloir adresser votre demande ou votre critique \u00e0 la Commission consultative Hizmet avec le formulaire ci-dessous.[\/vc_column_text][\/vc_column][\/vc_row][vc_row][vc_column]<div class=\"wpforms-container wpforms-container-full\" id=\"wpforms-2001\"><form id=\"wpforms-form-2001\" class=\"wpforms-validate wpforms-form\" data-formid=\"2001\" method=\"post\" enctype=\"multipart\/form-data\" action=\"\/index.php\/wp-json\/wp\/v2\/pages\/1665\" data-token=\"d2d15f7db859da31e003d3931418e345\" data-token-time=\"1776574249\"><noscript class=\"wpforms-error-noscript\">Bitte aktiviere JavaScript in deinem Browser, um dieses Formular fertigzustellen.<\/noscript><div class=\"wpforms-field-container\"><div id=\"wpforms-2001-field_0-container\" class=\"wpforms-field wpforms-field-name\" data-field-id=\"0\"><label class=\"wpforms-field-label\" for=\"wpforms-2001-field_0\">Nom <span class=\"wpforms-required-label\">*<\/span><\/label><input type=\"text\" id=\"wpforms-2001-field_0\" class=\"wpforms-field-medium wpforms-field-required\" name=\"wpforms[fields][0]\" required><\/div><div id=\"wpforms-2001-field_1-container\" class=\"wpforms-field wpforms-field-email\" data-field-id=\"1\"><label class=\"wpforms-field-label\" for=\"wpforms-2001-field_1\">E-Mail <span class=\"wpforms-required-label\">*<\/span><\/label><input type=\"email\" id=\"wpforms-2001-field_1\" class=\"wpforms-field-medium wpforms-field-required\" name=\"wpforms[fields][1]\" spellcheck=\"false\" required><div class=\"wpforms-field-description\">Merci d\u2019entrer votre e-mail afin que nous puissions rester en contact\r\n<\/div><\/div><div id=\"wpforms-2001-field_6-container\" class=\"wpforms-field wpforms-field-text\" data-field-id=\"6\"><label class=\"wpforms-field-label\" for=\"wpforms-2001-field_6\">Telefonnummer <span class=\"wpforms-required-label\">*<\/span><\/label><input type=\"text\" id=\"wpforms-2001-field_6\" class=\"wpforms-field-medium wpforms-field-required\" name=\"wpforms[fields][6]\" required><\/div><div id=\"wpforms-2001-field_3-container\" class=\"wpforms-field wpforms-field-text\" data-field-id=\"3\"><label class=\"wpforms-field-label\" for=\"wpforms-2001-field_3\">Sujet (objet) <span class=\"wpforms-required-label\">*<\/span><\/label><input type=\"text\" id=\"wpforms-2001-field_3\" class=\"wpforms-field-medium wpforms-field-required\" name=\"wpforms[fields][3]\" required><\/div><div id=\"wpforms-2001-field_4-container\" class=\"wpforms-field wpforms-field-textarea\" data-field-id=\"4\"><label class=\"wpforms-field-label\" for=\"wpforms-2001-field_4\">Message <span class=\"wpforms-required-label\">*<\/span><\/label><textarea id=\"wpforms-2001-field_4\" class=\"wpforms-field-medium wpforms-field-required\" name=\"wpforms[fields][4]\" required><\/textarea><div class=\"wpforms-field-description\">* Champs obligatoires<\/div><\/div><\/div><!-- .wpforms-field-container --><div class=\"wpforms-field wpforms-field-hp\"><label for=\"wpforms-2001-field-hp\" class=\"wpforms-field-label\">Message<\/label><input type=\"text\" name=\"wpforms[hp]\" id=\"wpforms-2001-field-hp\" class=\"wpforms-field-medium\"><\/div><div class=\"wpforms-recaptcha-container wpforms-is-recaptcha wpforms-is-recaptcha-type-v2\" ><div class=\"g-recaptcha\" data-sitekey=\"6LfhirYZAAAAAK5FbkJuaWXDgGcN_bgaWADoB9RB\"><\/div><input type=\"text\" name=\"g-recaptcha-hidden\" class=\"wpforms-recaptcha-hidden\" style=\"position:absolute!important;clip:rect(0,0,0,0)!important;height:1px!important;width:1px!important;border:0!important;overflow:hidden!important;padding:0!important;margin:0!important;\" data-rule-recaptcha=\"1\"><\/div><div class=\"wpforms-submit-container\" ><input type=\"hidden\" name=\"wpforms[id]\" value=\"2001\"><input type=\"hidden\" name=\"page_title\" value=\"\"><input type=\"hidden\" name=\"page_url\" value=\"https:\/\/hizmet.ch\/index.php\/wp-json\/wp\/v2\/pages\/1665\"><input type=\"hidden\" name=\"url_referer\" value=\"\"><button type=\"submit\" name=\"wpforms[submit]\" id=\"wpforms-submit-2001\" class=\"wpforms-submit\" data-alt-text=\"Envoyer...\" data-submit-text=\"Envoyer\" aria-live=\"assertive\" value=\"wpforms-submit\">Envoyer<\/button><\/div><\/form><\/div>  <!-- .wpforms-container -->[\/vc_column][\/vc_row]<\/p>\n","protected":false},"excerpt":{"rendered":"<p>[vc_row][vc_column][vc_column_text] La Commission consultative a \u00e9t\u00e9 fond\u00e9e par le Mouvement Hizmet Suisse en 2019 et elle est compos\u00e9e de personnes ayant des ant\u00e9c\u00e9dents professionnels diff\u00e9rents. Elle a \u00e9t\u00e9 cr\u00e9\u00e9e pour deux raisons : Elle effectue un travail de m\u00e9diation entre les personnes et les organisations au sein du Mouvement Hizmet [&hellip;]<\/p>\n","protected":false},"author":1,"featured_media":0,"parent":0,"menu_order":0,"comment_status":"closed","ping_status":"closed","template":"","meta":{"footnotes":""},"class_list":["post-1665","page","type-page","status-publish","hentry"],"aioseo_notices":[],"_links":{"self":[{"href":"https:\/\/hizmet.ch\/index.php\/wp-json\/wp\/v2\/pages\/1665","targetHints":{"allow":["GET"]}}],"collection":[{"href":"https:\/\/hizmet.ch\/index.php\/wp-json\/wp\/v2\/pages"}],"about":[{"href":"https:\/\/hizmet.ch\/index.php\/wp-json\/wp\/v2\/types\/page"}],"author":[{"embeddable":true,"href":"https:\/\/hizmet.ch\/index.php\/wp-json\/wp\/v2\/users\/1"}],"replies":[{"embeddable":true,"href":"https:\/\/hizmet.ch\/index.php\/wp-json\/wp\/v2\/comments?post=1665"}],"version-history":[{"count":5,"href":"https:\/\/hizmet.ch\/index.php\/wp-json\/wp\/v2\/pages\/1665\/revisions"}],"predecessor-version":[{"id":2002,"href":"https:\/\/hizmet.ch\/index.php\/wp-json\/wp\/v2\/pages\/1665\/revisions\/2002"}],"wp:attachment":[{"href":"https:\/\/hizmet.ch\/index.php\/wp-json\/wp\/v2\/media?parent=1665"}],"curies":[{"name":"wp","href":"https:\/\/api.w.org\/{rel}","templated":true}]}}