{"id":1663,"date":"2020-06-23T10:49:43","date_gmt":"2020-06-23T10:49:43","guid":{"rendered":"https:\/\/hizmet.ch\/index.php\/beirat\/"},"modified":"2020-12-15T00:32:25","modified_gmt":"2020-12-14T22:32:25","slug":"beirat","status":"publish","type":"page","link":"https:\/\/hizmet.ch\/index.php\/beirat\/?lang=fr","title":{"rendered":"Conseil consultatif"},"content":{"rendered":"\n<p>Les activit\u00e9s des associations et des conseils d\u2019administration peuvent \u00eatre soutenues par les conseils consultatifs. Ces derniers exercent des fonctions consultatives et pastorales. Si n\u00e9cessaire, les conseils consultatifs peuvent \u00e9galement assumer des fonctions d&#8217;arbitrage et\/ou aider \u00e0 coordonner le travail des organisations membres. Les conseils consultatifs favorisent \u00e9galement la socialisation religieuse des personnes impliqu\u00e9es dans le Hizmet. Ils assument une fonction d&#8217;encadrement pour l&#8217;adh\u00e9sion aux valeurs et la compr\u00e9hension de l&#8217;Islam par le Hizmet. Selon le mot Hizmet (en fran\u00e7ais :service), toutes les activit\u00e9s doivent \u00eatre au service des personnes.<\/p>\n\n\n\n<p>Les membres du conseil consultatif peuvent recevoir une indemnit\u00e9 appropri\u00e9e pour leur travail.<\/p>\n\n\n\n<p><\/p>\n","protected":false},"excerpt":{"rendered":"<p>Les activit\u00e9s des associations et des conseils d\u2019administration peuvent \u00eatre soutenues par les conseils consultatifs. Ces derniers exercent des fonctions consultatives et pastorales. Si n\u00e9cessaire, les conseils consultatifs peuvent \u00e9galement assumer des fonctions d&#8217;arbitrage et\/ou aider \u00e0 coordonner le travail des organisations membres. Les conseils consultatifs favorisent \u00e9galement la socialisation [&hellip;]<\/p>\n","protected":false},"author":1,"featured_media":0,"parent":0,"menu_order":0,"comment_status":"closed","ping_status":"closed","template":"","meta":{"footnotes":""},"class_list":["post-1663","page","type-page","status-publish","hentry"],"aioseo_notices":[],"_links":{"self":[{"href":"https:\/\/hizmet.ch\/index.php\/wp-json\/wp\/v2\/pages\/1663","targetHints":{"allow":["GET"]}}],"collection":[{"href":"https:\/\/hizmet.ch\/index.php\/wp-json\/wp\/v2\/pages"}],"about":[{"href":"https:\/\/hizmet.ch\/index.php\/wp-json\/wp\/v2\/types\/page"}],"author":[{"embeddable":true,"href":"https:\/\/hizmet.ch\/index.php\/wp-json\/wp\/v2\/users\/1"}],"replies":[{"embeddable":true,"href":"https:\/\/hizmet.ch\/index.php\/wp-json\/wp\/v2\/comments?post=1663"}],"version-history":[{"count":1,"href":"https:\/\/hizmet.ch\/index.php\/wp-json\/wp\/v2\/pages\/1663\/revisions"}],"predecessor-version":[{"id":1707,"href":"https:\/\/hizmet.ch\/index.php\/wp-json\/wp\/v2\/pages\/1663\/revisions\/1707"}],"wp:attachment":[{"href":"https:\/\/hizmet.ch\/index.php\/wp-json\/wp\/v2\/media?parent=1663"}],"curies":[{"name":"wp","href":"https:\/\/api.w.org\/{rel}","templated":true}]}}