{"id":1658,"date":"2020-06-23T10:42:08","date_gmt":"2020-06-23T10:42:08","guid":{"rendered":"https:\/\/hizmet.ch\/index.php\/islamische-bildung-und-forschung-kibf\/"},"modified":"2020-12-29T01:01:06","modified_gmt":"2020-12-28T23:01:06","slug":"islamische-bildung-und-forschung-kibf","status":"publish","type":"page","link":"https:\/\/hizmet.ch\/index.php\/islamische-bildung-und-forschung-kibf\/?lang=fr","title":{"rendered":"\u00c9ducation et recherche islamiques (KIBF)"},"content":{"rendered":"<p>[vc_row][vc_column][vc_column_text]<\/p>\n<p>Le Mouvement Hizmet Suisse s&#8217;engage en faveur d&#8217;une approche diff\u00e9renci\u00e9e de la religion. La Commission pour l&#8217;\u00e9ducation et la recherche islamiques est n\u00e9e de cette id\u00e9e en 2019. Outre les \u00e9rudits et th\u00e9ologiens islamiques, cette commission comprend des sp\u00e9cialistes des sciences sociales, des juristes, des sp\u00e9cialistes des sciences naturelles, des traducteurs, des \u00e9ducateurs et des universitaires qui apportent un large \u00e9ventail de connaissances et d&#8217;exp\u00e9riences. La Commission pour l&#8217;\u00e9ducation et la recherche islamiques a pour objectif de mener des recherches interdisciplinaires et d&#8217;offrir des possibilit\u00e9s d&#8217;enseignement de haute qualit\u00e9. Comme le Mouvement Hizmet Suisse, la Commission s&#8217;engage en faveur de valeurs telles que la libert\u00e9 d&#8217;opinion et de religion, l&#8217;\u00e9galit\u00e9 des chances, l&#8217;\u00e9galit\u00e9 entre hommes et femmes, la non-violence, etc.<\/p>\n<p>[\/vc_column_text][\/vc_column][\/vc_row][vc_row][vc_column][vc_column_text][\/vc_column_text][\/vc_column][\/vc_row]<\/p>\n","protected":false},"excerpt":{"rendered":"<p>[vc_row][vc_column][vc_column_text] Le Mouvement Hizmet Suisse s&#8217;engage en faveur d&#8217;une approche diff\u00e9renci\u00e9e de la religion. La Commission pour l&#8217;\u00e9ducation et la recherche islamiques est n\u00e9e de cette id\u00e9e en 2019. Outre les \u00e9rudits et th\u00e9ologiens islamiques, cette commission comprend des sp\u00e9cialistes des sciences sociales, des juristes, des sp\u00e9cialistes des sciences naturelles, [&hellip;]<\/p>\n","protected":false},"author":1,"featured_media":0,"parent":0,"menu_order":0,"comment_status":"closed","ping_status":"closed","template":"","meta":{"footnotes":""},"class_list":["post-1658","page","type-page","status-publish","hentry"],"aioseo_notices":[],"_links":{"self":[{"href":"https:\/\/hizmet.ch\/index.php\/wp-json\/wp\/v2\/pages\/1658","targetHints":{"allow":["GET"]}}],"collection":[{"href":"https:\/\/hizmet.ch\/index.php\/wp-json\/wp\/v2\/pages"}],"about":[{"href":"https:\/\/hizmet.ch\/index.php\/wp-json\/wp\/v2\/types\/page"}],"author":[{"embeddable":true,"href":"https:\/\/hizmet.ch\/index.php\/wp-json\/wp\/v2\/users\/1"}],"replies":[{"embeddable":true,"href":"https:\/\/hizmet.ch\/index.php\/wp-json\/wp\/v2\/comments?post=1658"}],"version-history":[{"count":5,"href":"https:\/\/hizmet.ch\/index.php\/wp-json\/wp\/v2\/pages\/1658\/revisions"}],"predecessor-version":[{"id":1882,"href":"https:\/\/hizmet.ch\/index.php\/wp-json\/wp\/v2\/pages\/1658\/revisions\/1882"}],"wp:attachment":[{"href":"https:\/\/hizmet.ch\/index.php\/wp-json\/wp\/v2\/media?parent=1658"}],"curies":[{"name":"wp","href":"https:\/\/api.w.org\/{rel}","templated":true}]}}