{"id":1651,"date":"2020-06-23T10:46:45","date_gmt":"2020-06-23T10:46:45","guid":{"rendered":"https:\/\/hizmet.ch\/index.php\/jugendarbeit\/"},"modified":"2020-12-29T01:00:25","modified_gmt":"2020-12-28T23:00:25","slug":"jugendarbeit","status":"publish","type":"page","link":"https:\/\/hizmet.ch\/index.php\/jugendarbeit\/?lang=fr","title":{"rendered":"Travail de jeunesse"},"content":{"rendered":"<p>[vc_row][vc_column][vc_column_text]<\/p>\n<p>Le Mouvement Hizmet Suisse est une association de la soci\u00e9t\u00e9 civile qui s&#8217;engage en faveur du d\u00e9veloppement religieux et civil. Afin de remplir cet objectif, la Commission de l&#8217;Action Jeunesse propose des activit\u00e9s extrascolaires pour les enfants et les jeunes. Avec les jeunes adultes volontaires, des champs \u00e9ducatifs, exp\u00e9rientiels et de socialisation non commerciaux sont \u00e9tablis, qui sont principalement encadr\u00e9s p\u00e9dagogiquement.<\/p>\n<p>&nbsp;<\/p>\n<p>La Commission accompagne les enfants et les jeunes dans les premi\u00e8res \u00e9tapes de leur vie. Cela se fait individuellement ou en groupes de pairs selon les besoins.<\/p>\n<p>[\/vc_column_text][\/vc_column][\/vc_row]<\/p>\n","protected":false},"excerpt":{"rendered":"<p>[vc_row][vc_column][vc_column_text] Le Mouvement Hizmet Suisse est une association de la soci\u00e9t\u00e9 civile qui s&#8217;engage en faveur du d\u00e9veloppement religieux et civil. Afin de remplir cet objectif, la Commission de l&#8217;Action Jeunesse propose des activit\u00e9s extrascolaires pour les enfants et les jeunes. Avec les jeunes adultes volontaires, des champs \u00e9ducatifs, exp\u00e9rientiels [&hellip;]<\/p>\n","protected":false},"author":1,"featured_media":0,"parent":0,"menu_order":0,"comment_status":"closed","ping_status":"closed","template":"","meta":{"footnotes":""},"class_list":["post-1651","page","type-page","status-publish","hentry"],"aioseo_notices":[],"_links":{"self":[{"href":"https:\/\/hizmet.ch\/index.php\/wp-json\/wp\/v2\/pages\/1651","targetHints":{"allow":["GET"]}}],"collection":[{"href":"https:\/\/hizmet.ch\/index.php\/wp-json\/wp\/v2\/pages"}],"about":[{"href":"https:\/\/hizmet.ch\/index.php\/wp-json\/wp\/v2\/types\/page"}],"author":[{"embeddable":true,"href":"https:\/\/hizmet.ch\/index.php\/wp-json\/wp\/v2\/users\/1"}],"replies":[{"embeddable":true,"href":"https:\/\/hizmet.ch\/index.php\/wp-json\/wp\/v2\/comments?post=1651"}],"version-history":[{"count":5,"href":"https:\/\/hizmet.ch\/index.php\/wp-json\/wp\/v2\/pages\/1651\/revisions"}],"predecessor-version":[{"id":1881,"href":"https:\/\/hizmet.ch\/index.php\/wp-json\/wp\/v2\/pages\/1651\/revisions\/1881"}],"wp:attachment":[{"href":"https:\/\/hizmet.ch\/index.php\/wp-json\/wp\/v2\/media?parent=1651"}],"curies":[{"name":"wp","href":"https:\/\/api.w.org\/{rel}","templated":true}]}}